{"id":1645,"date":"2021-09-27T14:04:25","date_gmt":"2021-09-27T18:04:25","guid":{"rendered":"http:\/\/poiriermarine.com\/stingray-225-cr\/"},"modified":"2022-04-05T15:21:09","modified_gmt":"2022-04-05T19:21:09","slug":"stingray-225-cr","status":"publish","type":"page","link":"https:\/\/poiriermarine.com\/en\/stingray-225-cr\/","title":{"rendered":"Stingray 225 CR"},"content":{"rendered":"<div class=\"wpb-content-wrapper\"><p>[vc_row type=&#8221;in_grid&#8221; el_class=&#8221;padding-100&#8243;][vc_column][vc_column_text]<\/p>\n<h1>Stingray 225 CR<\/h1>\n<p>[\/vc_column_text]<a href=\"\/bateaux-de-sport\" target=\"_self\" class=\"dist-btn\">Back<\/a>[\/vc_column][\/vc_row][vc_row type=&#8221;in_grid&#8221; el_class=&#8221;padding-b-100&#8243;][vc_column width=&#8221;1\/2&#8243;][vc_images_carousel images=&#8221;1390&#8243; img_size=&#8221;full&#8221;][\/vc_column][vc_column width=&#8221;1\/2&#8243;][vc_column_text]<strong>Description du mod\u00e8le<\/strong><\/p>\n<p><span style=\"font-weight: 400;\">Bateau profond avec un franc-bord suffisant pour naviguer en &#8220;grandes&#8221; eaux, le 225CR offre \u00e0 la fois s\u00e9curit\u00e9 et performance. La coque Z-plane de Stingray lui permet de sortir de l&#8217;eau et de planer plus rapidement.\u00a0<\/span><\/p>\n<p><strong>Sp\u00e9cifications<\/strong><\/p>\n<p><span style=\"font-weight: 400;\">Mesurant un peu moins de 23 pieds et avec une largeur de 100 pouces, le cockpit et la cabine spacieuse font du 225CR un excellent bateau pour passer la nuit confortablement. Une marche de cabine encastr\u00e9e m\u00e8ne aux commodit\u00e9s et \u00e0 la spacieuse couchette en V \u00e9quip\u00e9es de portes pliantes avec serrure assurant l&#8217;intimit\u00e9.<\/span><\/p>\n<p><a class=\"dist-btn\" href=\"#\" data-remodal-target=\"footerModal\">Learn more<\/a>[\/vc_column_text][\/vc_column][\/vc_row]<\/p>\n<\/div>","protected":false},"excerpt":{"rendered":"<p>[vc_row type=&#8221;in_grid&#8221; el_class=&#8221;padding-100&#8243;][vc_column][vc_column_text] Stingray 225 CR [\/vc_column_text][\/vc_column][\/vc_row][vc_row type=&#8221;in_grid&#8221; el_class=&#8221;padding-b-100&#8243;][vc_column width=&#8221;1\/2&#8243;][vc_images_carousel images=&#8221;1390&#8243; img_size=&#8221;full&#8221;][\/vc_column][vc_column width=&#8221;1\/2&#8243;][vc_column_text]Description du mod\u00e8le Bateau profond avec un franc-bord suffisant pour naviguer en &#8220;grandes&#8221; eaux, le 225CR offre \u00e0 la fois s\u00e9curit\u00e9 et performance. La coque Z-plane de Stingray lui permet de sortir de l&#8217;eau et de planer plus rapidement.\u00a0 Sp\u00e9cifications Mesurant un peu [&hellip;]<\/p>\n","protected":false},"author":1,"featured_media":0,"parent":0,"menu_order":0,"comment_status":"closed","ping_status":"closed","template":"","meta":{"_acf_changed":false,"footnotes":""},"class_list":["post-1645","page","type-page","status-publish","hentry"],"acf":[],"yoast_head":"<!-- This site is optimized with the Yoast SEO plugin v27.4 - https:\/\/yoast.com\/product\/yoast-seo-wordpress\/ -->\n<title>Stingray 225 CR &#8211; Marine Poirier Masson Thurso Gatineau<\/title>\n<meta name=\"robots\" content=\"index, follow, max-snippet:-1, max-image-preview:large, max-video-preview:-1\" \/>\n<link rel=\"canonical\" href=\"https:\/\/poiriermarine.com\/en\/stingray-225-cr\/\" \/>\n<meta property=\"og:locale\" content=\"en_US\" \/>\n<meta property=\"og:type\" content=\"article\" \/>\n<meta property=\"og:title\" content=\"Stingray 225 CR &#8211; Marine Poirier Masson Thurso Gatineau\" \/>\n<meta property=\"og:description\" content=\"[vc_row type=&#8221;in_grid&#8221; el_class=&#8221;padding-100&#8243;][vc_column][vc_column_text] Stingray 225 CR [\/vc_column_text][\/vc_column][\/vc_row][vc_row type=&#8221;in_grid&#8221; el_class=&#8221;padding-b-100&#8243;][vc_column width=&#8221;1\/2&#8243;][vc_images_carousel images=&#8221;1390&#8243; img_size=&#8221;full&#8221;][\/vc_column][vc_column width=&#8221;1\/2&#8243;][vc_column_text]Description du mod\u00e8le Bateau profond avec un franc-bord suffisant pour naviguer en &#8220;grandes&#8221; eaux, le 225CR offre \u00e0 la fois s\u00e9curit\u00e9 et performance. La coque Z-plane de Stingray lui permet de sortir de l&#8217;eau et de planer plus rapidement.\u00a0 Sp\u00e9cifications Mesurant un peu [&hellip;]\" \/>\n<meta property=\"og:url\" content=\"https:\/\/poiriermarine.com\/en\/stingray-225-cr\/\" \/>\n<meta property=\"og:site_name\" content=\"Marine Poirier Masson Thurso Gatineau\" \/>\n<meta property=\"article:modified_time\" content=\"2022-04-05T19:21:09+00:00\" \/>\n<meta name=\"twitter:card\" content=\"summary_large_image\" \/>\n<meta name=\"twitter:label1\" content=\"Est. reading time\" \/>\n\t<meta name=\"twitter:data1\" content=\"1 minute\" \/>\n<script type=\"application\/ld+json\" class=\"yoast-schema-graph\">{\"@context\":\"https:\\\/\\\/schema.org\",\"@graph\":[{\"@type\":\"WebPage\",\"@id\":\"https:\\\/\\\/poiriermarine.com\\\/en\\\/stingray-225-cr\\\/\",\"url\":\"https:\\\/\\\/poiriermarine.com\\\/en\\\/stingray-225-cr\\\/\",\"name\":\"Stingray 225 CR &#8211; Marine Poirier Masson Thurso Gatineau\",\"isPartOf\":{\"@id\":\"https:\\\/\\\/poiriermarine.com\\\/#website\"},\"datePublished\":\"2021-09-27T18:04:25+00:00\",\"dateModified\":\"2022-04-05T19:21:09+00:00\",\"breadcrumb\":{\"@id\":\"https:\\\/\\\/poiriermarine.com\\\/en\\\/stingray-225-cr\\\/#breadcrumb\"},\"inLanguage\":\"en-US\",\"potentialAction\":[{\"@type\":\"ReadAction\",\"target\":[\"https:\\\/\\\/poiriermarine.com\\\/en\\\/stingray-225-cr\\\/\"]}]},{\"@type\":\"BreadcrumbList\",\"@id\":\"https:\\\/\\\/poiriermarine.com\\\/en\\\/stingray-225-cr\\\/#breadcrumb\",\"itemListElement\":[{\"@type\":\"ListItem\",\"position\":1,\"name\":\"Accueil\",\"item\":\"https:\\\/\\\/poiriermarine.com\\\/en\\\/\"},{\"@type\":\"ListItem\",\"position\":2,\"name\":\"Stingray 225 CR\"}]},{\"@type\":\"WebSite\",\"@id\":\"https:\\\/\\\/poiriermarine.com\\\/#website\",\"url\":\"https:\\\/\\\/poiriermarine.com\\\/\",\"name\":\"Marine Poirier Masson Thurso Gatineau\",\"description\":\"Just another WordPress site\",\"potentialAction\":[{\"@type\":\"SearchAction\",\"target\":{\"@type\":\"EntryPoint\",\"urlTemplate\":\"https:\\\/\\\/poiriermarine.com\\\/?s={search_term_string}\"},\"query-input\":{\"@type\":\"PropertyValueSpecification\",\"valueRequired\":true,\"valueName\":\"search_term_string\"}}],\"inLanguage\":\"en-US\"}]}<\/script>\n<!-- \/ Yoast SEO plugin. -->","yoast_head_json":{"title":"Stingray 225 CR &#8211; Marine Poirier Masson Thurso Gatineau","robots":{"index":"index","follow":"follow","max-snippet":"max-snippet:-1","max-image-preview":"max-image-preview:large","max-video-preview":"max-video-preview:-1"},"canonical":"https:\/\/poiriermarine.com\/en\/stingray-225-cr\/","og_locale":"en_US","og_type":"article","og_title":"Stingray 225 CR &#8211; Marine Poirier Masson Thurso Gatineau","og_description":"[vc_row type=&#8221;in_grid&#8221; el_class=&#8221;padding-100&#8243;][vc_column][vc_column_text] Stingray 225 CR [\/vc_column_text][\/vc_column][\/vc_row][vc_row type=&#8221;in_grid&#8221; el_class=&#8221;padding-b-100&#8243;][vc_column width=&#8221;1\/2&#8243;][vc_images_carousel images=&#8221;1390&#8243; img_size=&#8221;full&#8221;][\/vc_column][vc_column width=&#8221;1\/2&#8243;][vc_column_text]Description du mod\u00e8le Bateau profond avec un franc-bord suffisant pour naviguer en &#8220;grandes&#8221; eaux, le 225CR offre \u00e0 la fois s\u00e9curit\u00e9 et performance. La coque Z-plane de Stingray lui permet de sortir de l&#8217;eau et de planer plus rapidement.\u00a0 Sp\u00e9cifications Mesurant un peu [&hellip;]","og_url":"https:\/\/poiriermarine.com\/en\/stingray-225-cr\/","og_site_name":"Marine Poirier Masson Thurso Gatineau","article_modified_time":"2022-04-05T19:21:09+00:00","twitter_card":"summary_large_image","twitter_misc":{"Est. reading time":"1 minute"},"schema":{"@context":"https:\/\/schema.org","@graph":[{"@type":"WebPage","@id":"https:\/\/poiriermarine.com\/en\/stingray-225-cr\/","url":"https:\/\/poiriermarine.com\/en\/stingray-225-cr\/","name":"Stingray 225 CR &#8211; Marine Poirier Masson Thurso Gatineau","isPartOf":{"@id":"https:\/\/poiriermarine.com\/#website"},"datePublished":"2021-09-27T18:04:25+00:00","dateModified":"2022-04-05T19:21:09+00:00","breadcrumb":{"@id":"https:\/\/poiriermarine.com\/en\/stingray-225-cr\/#breadcrumb"},"inLanguage":"en-US","potentialAction":[{"@type":"ReadAction","target":["https:\/\/poiriermarine.com\/en\/stingray-225-cr\/"]}]},{"@type":"BreadcrumbList","@id":"https:\/\/poiriermarine.com\/en\/stingray-225-cr\/#breadcrumb","itemListElement":[{"@type":"ListItem","position":1,"name":"Accueil","item":"https:\/\/poiriermarine.com\/en\/"},{"@type":"ListItem","position":2,"name":"Stingray 225 CR"}]},{"@type":"WebSite","@id":"https:\/\/poiriermarine.com\/#website","url":"https:\/\/poiriermarine.com\/","name":"Marine Poirier Masson Thurso Gatineau","description":"Just another WordPress site","potentialAction":[{"@type":"SearchAction","target":{"@type":"EntryPoint","urlTemplate":"https:\/\/poiriermarine.com\/?s={search_term_string}"},"query-input":{"@type":"PropertyValueSpecification","valueRequired":true,"valueName":"search_term_string"}}],"inLanguage":"en-US"}]}},"_links":{"self":[{"href":"https:\/\/poiriermarine.com\/en\/wp-json\/wp\/v2\/pages\/1645","targetHints":{"allow":["GET"]}}],"collection":[{"href":"https:\/\/poiriermarine.com\/en\/wp-json\/wp\/v2\/pages"}],"about":[{"href":"https:\/\/poiriermarine.com\/en\/wp-json\/wp\/v2\/types\/page"}],"author":[{"embeddable":true,"href":"https:\/\/poiriermarine.com\/en\/wp-json\/wp\/v2\/users\/1"}],"replies":[{"embeddable":true,"href":"https:\/\/poiriermarine.com\/en\/wp-json\/wp\/v2\/comments?post=1645"}],"version-history":[{"count":5,"href":"https:\/\/poiriermarine.com\/en\/wp-json\/wp\/v2\/pages\/1645\/revisions"}],"predecessor-version":[{"id":2552,"href":"https:\/\/poiriermarine.com\/en\/wp-json\/wp\/v2\/pages\/1645\/revisions\/2552"}],"wp:attachment":[{"href":"https:\/\/poiriermarine.com\/en\/wp-json\/wp\/v2\/media?parent=1645"}],"curies":[{"name":"wp","href":"https:\/\/api.w.org\/{rel}","templated":true}]}}