{"id":1657,"date":"2021-09-27T13:39:28","date_gmt":"2021-09-27T17:39:28","guid":{"rendered":"http:\/\/poiriermarine.com\/princecraft-xpedition-180\/"},"modified":"2022-04-05T15:08:13","modified_gmt":"2022-04-05T19:08:13","slug":"princecraft-xpedition-180","status":"publish","type":"page","link":"https:\/\/poiriermarine.com\/en\/princecraft-xpedition-180\/","title":{"rendered":"Princecraft Xp\u00e9dition 180"},"content":{"rendered":"<div class=\"wpb-content-wrapper\"><p>[vc_row type=&#8221;in_grid&#8221; el_class=&#8221;padding-100&#8243;][vc_column][vc_column_text]<\/p>\n<h1>Princecraft Xp\u00e9dition 180<\/h1>\n<p>[\/vc_column_text]<a href=\"\/bateaux-de-peche\" target=\"_self\" class=\"dist-btn\">Back<\/a>[\/vc_column][\/vc_row][vc_row type=&#8221;in_grid&#8221; el_class=&#8221;padding-b-100&#8243;][vc_column width=&#8221;1\/2&#8243;][vc_video link=&#8221;https:\/\/www.youtube.com\/watch?v=1F5aRJeMU3g&#8221;][\/vc_column][vc_column width=&#8221;1\/2&#8243;][vc_column_text]<strong>Description du mod\u00e8le<\/strong><\/p>\n<p><span style=\"font-weight: 400;\">Si vous \u00eates le type de p\u00eacheur qui commence sa journ\u00e9e \u00e0 l\u2019aube pour la terminer au cr\u00e9puscule, ce bateau est parfait pour vous.\u00a0<\/span><\/p>\n<p><strong>Sp\u00e9cifications<\/strong><\/p>\n<p><span style=\"font-weight: 400;\">Mesurant 18\u20199\u201d l\u2019Xp\u00e9dition 180 de Princecraft peut accueillir jusqu\u2019\u00e0 5 personnes. Avec un moteur de 90 \u00e0 200 ch et beaucoup de rangement, vous pouvez personnaliser votre embarcation gr\u00e2ce \u00e0 des caract\u00e9ristiques standards pour la p\u00eache et une vaste gamme d\u2019options int\u00e9ressantes.<\/span><\/p>\n<p><a class=\"dist-btn\" href=\"#\" data-remodal-target=\"footerModal\">Learn more<\/a>[\/vc_column_text][\/vc_column][\/vc_row][vc_row type=&#8221;in_grid&#8221; el_class=&#8221;padding-b-100&#8243;][vc_column][vc_masonry_media_grid grid_id=&#8221;vc_gid:1649185659072-b432e69b-d309-9&#8243; include=&#8221;1581,1583,1585&#8243;][\/vc_column][\/vc_row]<\/p>\n<\/div>","protected":false},"excerpt":{"rendered":"<p>[vc_row type=&#8221;in_grid&#8221; el_class=&#8221;padding-100&#8243;][vc_column][vc_column_text] Princecraft Xp\u00e9dition 180 [\/vc_column_text][\/vc_column][\/vc_row][vc_row type=&#8221;in_grid&#8221; el_class=&#8221;padding-b-100&#8243;][vc_column width=&#8221;1\/2&#8243;][vc_video link=&#8221;https:\/\/www.youtube.com\/watch?v=1F5aRJeMU3g&#8221;][\/vc_column][vc_column width=&#8221;1\/2&#8243;][vc_column_text]Description du mod\u00e8le Si vous \u00eates le type de p\u00eacheur qui commence sa journ\u00e9e \u00e0 l\u2019aube pour la terminer au cr\u00e9puscule, ce bateau est parfait pour vous.\u00a0 Sp\u00e9cifications Mesurant 18\u20199\u201d l\u2019Xp\u00e9dition 180 de Princecraft peut accueillir jusqu\u2019\u00e0 5 personnes. Avec un moteur de 90 [&hellip;]<\/p>\n","protected":false},"author":1,"featured_media":0,"parent":0,"menu_order":0,"comment_status":"closed","ping_status":"closed","template":"","meta":{"_acf_changed":false,"footnotes":""},"class_list":["post-1657","page","type-page","status-publish","hentry"],"acf":[],"yoast_head":"<!-- This site is optimized with the Yoast SEO plugin v27.3 - https:\/\/yoast.com\/product\/yoast-seo-wordpress\/ -->\n<title>Princecraft Xp\u00e9dition 180 &#8211; Marine Poirier Masson Thurso Gatineau<\/title>\n<meta name=\"robots\" content=\"index, follow, max-snippet:-1, max-image-preview:large, max-video-preview:-1\" \/>\n<link rel=\"canonical\" href=\"https:\/\/poiriermarine.com\/en\/princecraft-xpedition-180\/\" \/>\n<meta property=\"og:locale\" content=\"en_US\" \/>\n<meta property=\"og:type\" content=\"article\" \/>\n<meta property=\"og:title\" content=\"Princecraft Xp\u00e9dition 180 &#8211; Marine Poirier Masson Thurso Gatineau\" \/>\n<meta property=\"og:description\" content=\"[vc_row type=&#8221;in_grid&#8221; el_class=&#8221;padding-100&#8243;][vc_column][vc_column_text] Princecraft Xp\u00e9dition 180 [\/vc_column_text][\/vc_column][\/vc_row][vc_row type=&#8221;in_grid&#8221; el_class=&#8221;padding-b-100&#8243;][vc_column width=&#8221;1\/2&#8243;][vc_video link=&#8221;https:\/\/www.youtube.com\/watch?v=1F5aRJeMU3g&#8221;][\/vc_column][vc_column width=&#8221;1\/2&#8243;][vc_column_text]Description du mod\u00e8le Si vous \u00eates le type de p\u00eacheur qui commence sa journ\u00e9e \u00e0 l\u2019aube pour la terminer au cr\u00e9puscule, ce bateau est parfait pour vous.\u00a0 Sp\u00e9cifications Mesurant 18\u20199\u201d l\u2019Xp\u00e9dition 180 de Princecraft peut accueillir jusqu\u2019\u00e0 5 personnes. Avec un moteur de 90 [&hellip;]\" \/>\n<meta property=\"og:url\" content=\"https:\/\/poiriermarine.com\/en\/princecraft-xpedition-180\/\" \/>\n<meta property=\"og:site_name\" content=\"Marine Poirier Masson Thurso Gatineau\" \/>\n<meta property=\"article:modified_time\" content=\"2022-04-05T19:08:13+00:00\" \/>\n<meta name=\"twitter:card\" content=\"summary_large_image\" \/>\n<meta name=\"twitter:label1\" content=\"Est. reading time\" \/>\n\t<meta name=\"twitter:data1\" content=\"1 minute\" \/>\n<script type=\"application\/ld+json\" class=\"yoast-schema-graph\">{\"@context\":\"https:\\\/\\\/schema.org\",\"@graph\":[{\"@type\":\"WebPage\",\"@id\":\"https:\\\/\\\/poiriermarine.com\\\/en\\\/princecraft-xpedition-180\\\/\",\"url\":\"https:\\\/\\\/poiriermarine.com\\\/en\\\/princecraft-xpedition-180\\\/\",\"name\":\"Princecraft Xp\u00e9dition 180 &#8211; Marine Poirier Masson Thurso Gatineau\",\"isPartOf\":{\"@id\":\"https:\\\/\\\/poiriermarine.com\\\/#website\"},\"datePublished\":\"2021-09-27T17:39:28+00:00\",\"dateModified\":\"2022-04-05T19:08:13+00:00\",\"breadcrumb\":{\"@id\":\"https:\\\/\\\/poiriermarine.com\\\/en\\\/princecraft-xpedition-180\\\/#breadcrumb\"},\"inLanguage\":\"en-US\",\"potentialAction\":[{\"@type\":\"ReadAction\",\"target\":[\"https:\\\/\\\/poiriermarine.com\\\/en\\\/princecraft-xpedition-180\\\/\"]}]},{\"@type\":\"BreadcrumbList\",\"@id\":\"https:\\\/\\\/poiriermarine.com\\\/en\\\/princecraft-xpedition-180\\\/#breadcrumb\",\"itemListElement\":[{\"@type\":\"ListItem\",\"position\":1,\"name\":\"Accueil\",\"item\":\"https:\\\/\\\/poiriermarine.com\\\/en\\\/\"},{\"@type\":\"ListItem\",\"position\":2,\"name\":\"Princecraft Xp\u00e9dition 180\"}]},{\"@type\":\"WebSite\",\"@id\":\"https:\\\/\\\/poiriermarine.com\\\/#website\",\"url\":\"https:\\\/\\\/poiriermarine.com\\\/\",\"name\":\"Marine Poirier Masson Thurso Gatineau\",\"description\":\"Just another WordPress site\",\"potentialAction\":[{\"@type\":\"SearchAction\",\"target\":{\"@type\":\"EntryPoint\",\"urlTemplate\":\"https:\\\/\\\/poiriermarine.com\\\/?s={search_term_string}\"},\"query-input\":{\"@type\":\"PropertyValueSpecification\",\"valueRequired\":true,\"valueName\":\"search_term_string\"}}],\"inLanguage\":\"en-US\"}]}<\/script>\n<!-- \/ Yoast SEO plugin. -->","yoast_head_json":{"title":"Princecraft Xp\u00e9dition 180 &#8211; Marine Poirier Masson Thurso Gatineau","robots":{"index":"index","follow":"follow","max-snippet":"max-snippet:-1","max-image-preview":"max-image-preview:large","max-video-preview":"max-video-preview:-1"},"canonical":"https:\/\/poiriermarine.com\/en\/princecraft-xpedition-180\/","og_locale":"en_US","og_type":"article","og_title":"Princecraft Xp\u00e9dition 180 &#8211; Marine Poirier Masson Thurso Gatineau","og_description":"[vc_row type=&#8221;in_grid&#8221; el_class=&#8221;padding-100&#8243;][vc_column][vc_column_text] Princecraft Xp\u00e9dition 180 [\/vc_column_text][\/vc_column][\/vc_row][vc_row type=&#8221;in_grid&#8221; el_class=&#8221;padding-b-100&#8243;][vc_column width=&#8221;1\/2&#8243;][vc_video link=&#8221;https:\/\/www.youtube.com\/watch?v=1F5aRJeMU3g&#8221;][\/vc_column][vc_column width=&#8221;1\/2&#8243;][vc_column_text]Description du mod\u00e8le Si vous \u00eates le type de p\u00eacheur qui commence sa journ\u00e9e \u00e0 l\u2019aube pour la terminer au cr\u00e9puscule, ce bateau est parfait pour vous.\u00a0 Sp\u00e9cifications Mesurant 18\u20199\u201d l\u2019Xp\u00e9dition 180 de Princecraft peut accueillir jusqu\u2019\u00e0 5 personnes. Avec un moteur de 90 [&hellip;]","og_url":"https:\/\/poiriermarine.com\/en\/princecraft-xpedition-180\/","og_site_name":"Marine Poirier Masson Thurso Gatineau","article_modified_time":"2022-04-05T19:08:13+00:00","twitter_card":"summary_large_image","twitter_misc":{"Est. reading time":"1 minute"},"schema":{"@context":"https:\/\/schema.org","@graph":[{"@type":"WebPage","@id":"https:\/\/poiriermarine.com\/en\/princecraft-xpedition-180\/","url":"https:\/\/poiriermarine.com\/en\/princecraft-xpedition-180\/","name":"Princecraft Xp\u00e9dition 180 &#8211; Marine Poirier Masson Thurso Gatineau","isPartOf":{"@id":"https:\/\/poiriermarine.com\/#website"},"datePublished":"2021-09-27T17:39:28+00:00","dateModified":"2022-04-05T19:08:13+00:00","breadcrumb":{"@id":"https:\/\/poiriermarine.com\/en\/princecraft-xpedition-180\/#breadcrumb"},"inLanguage":"en-US","potentialAction":[{"@type":"ReadAction","target":["https:\/\/poiriermarine.com\/en\/princecraft-xpedition-180\/"]}]},{"@type":"BreadcrumbList","@id":"https:\/\/poiriermarine.com\/en\/princecraft-xpedition-180\/#breadcrumb","itemListElement":[{"@type":"ListItem","position":1,"name":"Accueil","item":"https:\/\/poiriermarine.com\/en\/"},{"@type":"ListItem","position":2,"name":"Princecraft Xp\u00e9dition 180"}]},{"@type":"WebSite","@id":"https:\/\/poiriermarine.com\/#website","url":"https:\/\/poiriermarine.com\/","name":"Marine Poirier Masson Thurso Gatineau","description":"Just another WordPress site","potentialAction":[{"@type":"SearchAction","target":{"@type":"EntryPoint","urlTemplate":"https:\/\/poiriermarine.com\/?s={search_term_string}"},"query-input":{"@type":"PropertyValueSpecification","valueRequired":true,"valueName":"search_term_string"}}],"inLanguage":"en-US"}]}},"_links":{"self":[{"href":"https:\/\/poiriermarine.com\/en\/wp-json\/wp\/v2\/pages\/1657","targetHints":{"allow":["GET"]}}],"collection":[{"href":"https:\/\/poiriermarine.com\/en\/wp-json\/wp\/v2\/pages"}],"about":[{"href":"https:\/\/poiriermarine.com\/en\/wp-json\/wp\/v2\/types\/page"}],"author":[{"embeddable":true,"href":"https:\/\/poiriermarine.com\/en\/wp-json\/wp\/v2\/users\/1"}],"replies":[{"embeddable":true,"href":"https:\/\/poiriermarine.com\/en\/wp-json\/wp\/v2\/comments?post=1657"}],"version-history":[{"count":6,"href":"https:\/\/poiriermarine.com\/en\/wp-json\/wp\/v2\/pages\/1657\/revisions"}],"predecessor-version":[{"id":2522,"href":"https:\/\/poiriermarine.com\/en\/wp-json\/wp\/v2\/pages\/1657\/revisions\/2522"}],"wp:attachment":[{"href":"https:\/\/poiriermarine.com\/en\/wp-json\/wp\/v2\/media?parent=1657"}],"curies":[{"name":"wp","href":"https:\/\/api.w.org\/{rel}","templated":true}]}}