{"id":1660,"date":"2021-09-27T13:32:52","date_gmt":"2021-09-27T17:32:52","guid":{"rendered":"http:\/\/poiriermarine.com\/princecraft-vogue-27\/"},"modified":"2022-04-05T15:11:59","modified_gmt":"2022-04-05T19:11:59","slug":"princecraft-vogue-27","status":"publish","type":"page","link":"https:\/\/poiriermarine.com\/en\/princecraft-vogue-27\/","title":{"rendered":"Princecraft Vogue 27"},"content":{"rendered":"<div class=\"wpb-content-wrapper\"><p>[vc_row type=&#8221;in_grid&#8221; el_class=&#8221;padding-100&#8243;][vc_column][vc_column_text]<\/p>\n<h1>Princecraft Vogue 27<\/h1>\n<p>[\/vc_column_text]<a href=\"\/pontons\" target=\"_self\" class=\"dist-btn\">Back<\/a>[\/vc_column][\/vc_row][vc_row type=&#8221;in_grid&#8221; el_class=&#8221;padding-b-100&#8243;][vc_column width=&#8221;1\/2&#8243;][vc_video link=&#8221;https:\/\/www.youtube.com\/watch?v=AMu7Da70wKY&#8221;][\/vc_column][vc_column width=&#8221;1\/2&#8243;][vc_column_text]<strong>Description du mod\u00e8le<\/strong><\/p>\n<p><span style=\"font-weight: 400;\">Ce ponton de 27\u20196\u2019\u2019 offre tout le confort et les commodit\u00e9s dont vous pouvez profiter \u00e0 la maison, et plus encore.\u00a0<\/span><\/p>\n<p><span style=\"font-weight: 400;\">Avec son nouveau poste de pilotage sur\u00e9lev\u00e9 incluant un \u00e9cran tactile multifonctions, ses fonctions GPS et sonar et un chargeur sans fil pour t\u00e9l\u00e9phone intelligent. Sans oublier les nouveaux modules porte-verres, le nouveau compartiment poubelle int\u00e9gr\u00e9 au dossier de la chaise longue, la table pliante, la plate-forme de baignade et l\u2019 \u00e9chelle arri\u00e8re surdimensionn\u00e9es.\u00a0<\/span><\/p>\n<p><strong>Sp\u00e9cifications<\/strong><\/p>\n<p><span style=\"font-weight: 400;\">De pus, l\u2019am\u00e9nagement d\u2019un module de si\u00e8ge multi-positions, d\u2019une glaci\u00e8re int\u00e9gr\u00e9e et d\u2019une salle d\u2019habillage vous feront oublier le confort de votre foyer le temps d\u2019une journ\u00e9e. Pratiquez vos sports nautiques pr\u00e9f\u00e9r\u00e9s, ou invitez jusqu\u2019\u00e0 13 personnes \u00e0 se balader dans le plus grand luxe. Finalement, \u00e9quipez votre ponton avec un moteur de 150 \u00e0 450 ch, avec la configuration performance standard et pr\u00e9parez-vous \u00e0 vous amuser !<\/span><\/p>\n<p><a class=\"dist-btn\" href=\"#\" data-remodal-target=\"footerModal\">Learn more<\/a>[\/vc_column_text][\/vc_column][\/vc_row][vc_row type=&#8221;in_grid&#8221; el_class=&#8221;padding-b-100&#8243;][vc_column][vc_masonry_media_grid grid_id=&#8221;vc_gid:1649185906592-be0023c2-8c6e-1&#8243; include=&#8221;1565,1567,1569&#8243;][\/vc_column][\/vc_row]<\/p>\n<\/div>","protected":false},"excerpt":{"rendered":"<p>[vc_row type=&#8221;in_grid&#8221; el_class=&#8221;padding-100&#8243;][vc_column][vc_column_text] Princecraft Vogue 27 [\/vc_column_text][\/vc_column][\/vc_row][vc_row type=&#8221;in_grid&#8221; el_class=&#8221;padding-b-100&#8243;][vc_column width=&#8221;1\/2&#8243;][vc_video link=&#8221;https:\/\/www.youtube.com\/watch?v=AMu7Da70wKY&#8221;][\/vc_column][vc_column width=&#8221;1\/2&#8243;][vc_column_text]Description du mod\u00e8le Ce ponton de 27\u20196\u2019\u2019 offre tout le confort et les commodit\u00e9s dont vous pouvez profiter \u00e0 la maison, et plus encore.\u00a0 Avec son nouveau poste de pilotage sur\u00e9lev\u00e9 incluant un \u00e9cran tactile multifonctions, ses fonctions GPS et sonar et un chargeur [&hellip;]<\/p>\n","protected":false},"author":1,"featured_media":0,"parent":0,"menu_order":0,"comment_status":"closed","ping_status":"closed","template":"","meta":{"_acf_changed":false,"footnotes":""},"class_list":["post-1660","page","type-page","status-publish","hentry"],"acf":[],"yoast_head":"<!-- This site is optimized with the Yoast SEO plugin v27.4 - https:\/\/yoast.com\/product\/yoast-seo-wordpress\/ -->\n<title>Princecraft Vogue 27 &#8211; Marine Poirier Masson Thurso Gatineau<\/title>\n<meta name=\"robots\" content=\"index, follow, max-snippet:-1, max-image-preview:large, max-video-preview:-1\" \/>\n<link rel=\"canonical\" href=\"https:\/\/poiriermarine.com\/en\/princecraft-vogue-27\/\" \/>\n<meta property=\"og:locale\" content=\"en_US\" \/>\n<meta property=\"og:type\" content=\"article\" \/>\n<meta property=\"og:title\" content=\"Princecraft Vogue 27 &#8211; Marine Poirier Masson Thurso Gatineau\" \/>\n<meta property=\"og:description\" content=\"[vc_row type=&#8221;in_grid&#8221; el_class=&#8221;padding-100&#8243;][vc_column][vc_column_text] Princecraft Vogue 27 [\/vc_column_text][\/vc_column][\/vc_row][vc_row type=&#8221;in_grid&#8221; el_class=&#8221;padding-b-100&#8243;][vc_column width=&#8221;1\/2&#8243;][vc_video link=&#8221;https:\/\/www.youtube.com\/watch?v=AMu7Da70wKY&#8221;][\/vc_column][vc_column width=&#8221;1\/2&#8243;][vc_column_text]Description du mod\u00e8le Ce ponton de 27\u20196\u2019\u2019 offre tout le confort et les commodit\u00e9s dont vous pouvez profiter \u00e0 la maison, et plus encore.\u00a0 Avec son nouveau poste de pilotage sur\u00e9lev\u00e9 incluant un \u00e9cran tactile multifonctions, ses fonctions GPS et sonar et un chargeur [&hellip;]\" \/>\n<meta property=\"og:url\" content=\"https:\/\/poiriermarine.com\/en\/princecraft-vogue-27\/\" \/>\n<meta property=\"og:site_name\" content=\"Marine Poirier Masson Thurso Gatineau\" \/>\n<meta property=\"article:modified_time\" content=\"2022-04-05T19:11:59+00:00\" \/>\n<meta name=\"twitter:card\" content=\"summary_large_image\" \/>\n<meta name=\"twitter:label1\" content=\"Est. reading time\" \/>\n\t<meta name=\"twitter:data1\" content=\"1 minute\" \/>\n<script type=\"application\/ld+json\" class=\"yoast-schema-graph\">{\"@context\":\"https:\\\/\\\/schema.org\",\"@graph\":[{\"@type\":\"WebPage\",\"@id\":\"https:\\\/\\\/poiriermarine.com\\\/en\\\/princecraft-vogue-27\\\/\",\"url\":\"https:\\\/\\\/poiriermarine.com\\\/en\\\/princecraft-vogue-27\\\/\",\"name\":\"Princecraft Vogue 27 &#8211; Marine Poirier Masson Thurso Gatineau\",\"isPartOf\":{\"@id\":\"https:\\\/\\\/poiriermarine.com\\\/#website\"},\"datePublished\":\"2021-09-27T17:32:52+00:00\",\"dateModified\":\"2022-04-05T19:11:59+00:00\",\"breadcrumb\":{\"@id\":\"https:\\\/\\\/poiriermarine.com\\\/en\\\/princecraft-vogue-27\\\/#breadcrumb\"},\"inLanguage\":\"en-US\",\"potentialAction\":[{\"@type\":\"ReadAction\",\"target\":[\"https:\\\/\\\/poiriermarine.com\\\/en\\\/princecraft-vogue-27\\\/\"]}]},{\"@type\":\"BreadcrumbList\",\"@id\":\"https:\\\/\\\/poiriermarine.com\\\/en\\\/princecraft-vogue-27\\\/#breadcrumb\",\"itemListElement\":[{\"@type\":\"ListItem\",\"position\":1,\"name\":\"Accueil\",\"item\":\"https:\\\/\\\/poiriermarine.com\\\/en\\\/\"},{\"@type\":\"ListItem\",\"position\":2,\"name\":\"Princecraft Vogue 27\"}]},{\"@type\":\"WebSite\",\"@id\":\"https:\\\/\\\/poiriermarine.com\\\/#website\",\"url\":\"https:\\\/\\\/poiriermarine.com\\\/\",\"name\":\"Marine Poirier Masson Thurso Gatineau\",\"description\":\"Just another WordPress site\",\"potentialAction\":[{\"@type\":\"SearchAction\",\"target\":{\"@type\":\"EntryPoint\",\"urlTemplate\":\"https:\\\/\\\/poiriermarine.com\\\/?s={search_term_string}\"},\"query-input\":{\"@type\":\"PropertyValueSpecification\",\"valueRequired\":true,\"valueName\":\"search_term_string\"}}],\"inLanguage\":\"en-US\"}]}<\/script>\n<!-- \/ Yoast SEO plugin. -->","yoast_head_json":{"title":"Princecraft Vogue 27 &#8211; Marine Poirier Masson Thurso Gatineau","robots":{"index":"index","follow":"follow","max-snippet":"max-snippet:-1","max-image-preview":"max-image-preview:large","max-video-preview":"max-video-preview:-1"},"canonical":"https:\/\/poiriermarine.com\/en\/princecraft-vogue-27\/","og_locale":"en_US","og_type":"article","og_title":"Princecraft Vogue 27 &#8211; Marine Poirier Masson Thurso Gatineau","og_description":"[vc_row type=&#8221;in_grid&#8221; el_class=&#8221;padding-100&#8243;][vc_column][vc_column_text] Princecraft Vogue 27 [\/vc_column_text][\/vc_column][\/vc_row][vc_row type=&#8221;in_grid&#8221; el_class=&#8221;padding-b-100&#8243;][vc_column width=&#8221;1\/2&#8243;][vc_video link=&#8221;https:\/\/www.youtube.com\/watch?v=AMu7Da70wKY&#8221;][\/vc_column][vc_column width=&#8221;1\/2&#8243;][vc_column_text]Description du mod\u00e8le Ce ponton de 27\u20196\u2019\u2019 offre tout le confort et les commodit\u00e9s dont vous pouvez profiter \u00e0 la maison, et plus encore.\u00a0 Avec son nouveau poste de pilotage sur\u00e9lev\u00e9 incluant un \u00e9cran tactile multifonctions, ses fonctions GPS et sonar et un chargeur [&hellip;]","og_url":"https:\/\/poiriermarine.com\/en\/princecraft-vogue-27\/","og_site_name":"Marine Poirier Masson Thurso Gatineau","article_modified_time":"2022-04-05T19:11:59+00:00","twitter_card":"summary_large_image","twitter_misc":{"Est. reading time":"1 minute"},"schema":{"@context":"https:\/\/schema.org","@graph":[{"@type":"WebPage","@id":"https:\/\/poiriermarine.com\/en\/princecraft-vogue-27\/","url":"https:\/\/poiriermarine.com\/en\/princecraft-vogue-27\/","name":"Princecraft Vogue 27 &#8211; Marine Poirier Masson Thurso Gatineau","isPartOf":{"@id":"https:\/\/poiriermarine.com\/#website"},"datePublished":"2021-09-27T17:32:52+00:00","dateModified":"2022-04-05T19:11:59+00:00","breadcrumb":{"@id":"https:\/\/poiriermarine.com\/en\/princecraft-vogue-27\/#breadcrumb"},"inLanguage":"en-US","potentialAction":[{"@type":"ReadAction","target":["https:\/\/poiriermarine.com\/en\/princecraft-vogue-27\/"]}]},{"@type":"BreadcrumbList","@id":"https:\/\/poiriermarine.com\/en\/princecraft-vogue-27\/#breadcrumb","itemListElement":[{"@type":"ListItem","position":1,"name":"Accueil","item":"https:\/\/poiriermarine.com\/en\/"},{"@type":"ListItem","position":2,"name":"Princecraft Vogue 27"}]},{"@type":"WebSite","@id":"https:\/\/poiriermarine.com\/#website","url":"https:\/\/poiriermarine.com\/","name":"Marine Poirier Masson Thurso Gatineau","description":"Just another WordPress site","potentialAction":[{"@type":"SearchAction","target":{"@type":"EntryPoint","urlTemplate":"https:\/\/poiriermarine.com\/?s={search_term_string}"},"query-input":{"@type":"PropertyValueSpecification","valueRequired":true,"valueName":"search_term_string"}}],"inLanguage":"en-US"}]}},"_links":{"self":[{"href":"https:\/\/poiriermarine.com\/en\/wp-json\/wp\/v2\/pages\/1660","targetHints":{"allow":["GET"]}}],"collection":[{"href":"https:\/\/poiriermarine.com\/en\/wp-json\/wp\/v2\/pages"}],"about":[{"href":"https:\/\/poiriermarine.com\/en\/wp-json\/wp\/v2\/types\/page"}],"author":[{"embeddable":true,"href":"https:\/\/poiriermarine.com\/en\/wp-json\/wp\/v2\/users\/1"}],"replies":[{"embeddable":true,"href":"https:\/\/poiriermarine.com\/en\/wp-json\/wp\/v2\/comments?post=1660"}],"version-history":[{"count":5,"href":"https:\/\/poiriermarine.com\/en\/wp-json\/wp\/v2\/pages\/1660\/revisions"}],"predecessor-version":[{"id":2531,"href":"https:\/\/poiriermarine.com\/en\/wp-json\/wp\/v2\/pages\/1660\/revisions\/2531"}],"wp:attachment":[{"href":"https:\/\/poiriermarine.com\/en\/wp-json\/wp\/v2\/media?parent=1660"}],"curies":[{"name":"wp","href":"https:\/\/api.w.org\/{rel}","templated":true}]}}