{"id":1664,"date":"2021-09-27T13:45:06","date_gmt":"2021-09-27T17:45:06","guid":{"rendered":"http:\/\/poiriermarine.com\/princecraft-ventura\/"},"modified":"2022-04-05T15:13:52","modified_gmt":"2022-04-05T19:13:52","slug":"princecraft-ventura","status":"publish","type":"page","link":"https:\/\/poiriermarine.com\/en\/princecraft-ventura\/","title":{"rendered":"Princecraft Ventura"},"content":{"rendered":"<div class=\"wpb-content-wrapper\"><p>[vc_row type=&#8221;in_grid&#8221; el_class=&#8221;padding-100&#8243;][vc_column][vc_column_text]<\/p>\n<h1>Princecraft Ventura<\/h1>\n<p>[\/vc_column_text]<a href=\"\/bateaux-de-ponte\" target=\"_self\" class=\"dist-btn\">Back<\/a>[\/vc_column][\/vc_row][vc_row type=&#8221;in_grid&#8221; el_class=&#8221;padding-b-100&#8243;][vc_column width=&#8221;1\/2&#8243;][vc_video link=&#8221;https:\/\/www.youtube.com\/watch?v=aAw63Il_Erg&amp;t=11s&#8221;][\/vc_column][vc_column width=&#8221;1\/2&#8243;][vc_column_text]<strong>Description du mod\u00e8le<\/strong><\/p>\n<p><span style=\"font-weight: 400;\">Ce bateau pont\u00e9 en aluminium de 19&#8217;2 &#8221; peut confortablement asseoir jusqu&#8217;\u00e0 8 personnes et \u00eatre propuls\u00e9 par un moteur hors-bord allant de 115 \u00e0 150 ch. Avec son r\u00e9servoir d&#8217;essence de 174 L (46 gal. U.S.).<\/span><\/p>\n<p><strong>Sp\u00e9cifications<\/strong><\/p>\n<p><span style=\"font-weight: 400;\">Son aire de bronzage pleine largeur \u00e0 l&#8217;arri\u00e8re, sa chaise longue, ses 2 si\u00e8ges repliables, son grand vivier \u00e9lectrique avec syst\u00e8me d&#8217;oxyg\u00e9nation et son rangement verrouillable pour cannes \u00e0 p\u00eache, c&#8217;est le bateau pont\u00e9 id\u00e9al pour p\u00eacher ou simplement pour naviguer; le meilleur des deux mondes quoi !<\/span><\/p>\n<p><a class=\"dist-btn\" href=\"#\" data-remodal-target=\"footerModal\">Learn more<\/a>[\/vc_column_text][\/vc_column][\/vc_row][vc_row type=&#8221;in_grid&#8221; el_class=&#8221;padding-b-100&#8243;][vc_column][vc_masonry_media_grid grid_id=&#8221;vc_gid:1649186016009-52a5a485-689b-4&#8243; include=&#8221;1597,1599,1601&#8243;][\/vc_column][\/vc_row]<\/p>\n<\/div>","protected":false},"excerpt":{"rendered":"<p>[vc_row type=&#8221;in_grid&#8221; el_class=&#8221;padding-100&#8243;][vc_column][vc_column_text] Princecraft Ventura [\/vc_column_text][\/vc_column][\/vc_row][vc_row type=&#8221;in_grid&#8221; el_class=&#8221;padding-b-100&#8243;][vc_column width=&#8221;1\/2&#8243;][vc_video link=&#8221;https:\/\/www.youtube.com\/watch?v=aAw63Il_Erg&amp;t=11s&#8221;][\/vc_column][vc_column width=&#8221;1\/2&#8243;][vc_column_text]Description du mod\u00e8le Ce bateau pont\u00e9 en aluminium de 19&#8217;2 &#8221; peut confortablement asseoir jusqu&#8217;\u00e0 8 personnes et \u00eatre propuls\u00e9 par un moteur hors-bord allant de 115 \u00e0 150 ch. Avec son r\u00e9servoir d&#8217;essence de 174 L (46 gal. U.S.). Sp\u00e9cifications Son aire de bronzage [&hellip;]<\/p>\n","protected":false},"author":1,"featured_media":0,"parent":0,"menu_order":0,"comment_status":"closed","ping_status":"closed","template":"","meta":{"_acf_changed":false,"footnotes":""},"class_list":["post-1664","page","type-page","status-publish","hentry"],"acf":[],"yoast_head":"<!-- This site is optimized with the Yoast SEO plugin v27.4 - https:\/\/yoast.com\/product\/yoast-seo-wordpress\/ -->\n<title>Princecraft Ventura &#8211; Marine Poirier Masson Thurso Gatineau<\/title>\n<meta name=\"robots\" content=\"index, follow, max-snippet:-1, max-image-preview:large, max-video-preview:-1\" \/>\n<link rel=\"canonical\" href=\"https:\/\/poiriermarine.com\/en\/princecraft-ventura\/\" \/>\n<meta property=\"og:locale\" content=\"en_US\" \/>\n<meta property=\"og:type\" content=\"article\" \/>\n<meta property=\"og:title\" content=\"Princecraft Ventura &#8211; Marine Poirier Masson Thurso Gatineau\" \/>\n<meta property=\"og:description\" content=\"[vc_row type=&#8221;in_grid&#8221; el_class=&#8221;padding-100&#8243;][vc_column][vc_column_text] Princecraft Ventura [\/vc_column_text][\/vc_column][\/vc_row][vc_row type=&#8221;in_grid&#8221; el_class=&#8221;padding-b-100&#8243;][vc_column width=&#8221;1\/2&#8243;][vc_video link=&#8221;https:\/\/www.youtube.com\/watch?v=aAw63Il_Erg&amp;t=11s&#8221;][\/vc_column][vc_column width=&#8221;1\/2&#8243;][vc_column_text]Description du mod\u00e8le Ce bateau pont\u00e9 en aluminium de 19&#8217;2 &#8221; peut confortablement asseoir jusqu&#8217;\u00e0 8 personnes et \u00eatre propuls\u00e9 par un moteur hors-bord allant de 115 \u00e0 150 ch. Avec son r\u00e9servoir d&#8217;essence de 174 L (46 gal. U.S.). Sp\u00e9cifications Son aire de bronzage [&hellip;]\" \/>\n<meta property=\"og:url\" content=\"https:\/\/poiriermarine.com\/en\/princecraft-ventura\/\" \/>\n<meta property=\"og:site_name\" content=\"Marine Poirier Masson Thurso Gatineau\" \/>\n<meta property=\"article:modified_time\" content=\"2022-04-05T19:13:52+00:00\" \/>\n<meta name=\"twitter:card\" content=\"summary_large_image\" \/>\n<meta name=\"twitter:label1\" content=\"Est. reading time\" \/>\n\t<meta name=\"twitter:data1\" content=\"1 minute\" \/>\n<script type=\"application\/ld+json\" class=\"yoast-schema-graph\">{\"@context\":\"https:\\\/\\\/schema.org\",\"@graph\":[{\"@type\":\"WebPage\",\"@id\":\"https:\\\/\\\/poiriermarine.com\\\/en\\\/princecraft-ventura\\\/\",\"url\":\"https:\\\/\\\/poiriermarine.com\\\/en\\\/princecraft-ventura\\\/\",\"name\":\"Princecraft Ventura &#8211; Marine Poirier Masson Thurso Gatineau\",\"isPartOf\":{\"@id\":\"https:\\\/\\\/poiriermarine.com\\\/#website\"},\"datePublished\":\"2021-09-27T17:45:06+00:00\",\"dateModified\":\"2022-04-05T19:13:52+00:00\",\"breadcrumb\":{\"@id\":\"https:\\\/\\\/poiriermarine.com\\\/en\\\/princecraft-ventura\\\/#breadcrumb\"},\"inLanguage\":\"en-US\",\"potentialAction\":[{\"@type\":\"ReadAction\",\"target\":[\"https:\\\/\\\/poiriermarine.com\\\/en\\\/princecraft-ventura\\\/\"]}]},{\"@type\":\"BreadcrumbList\",\"@id\":\"https:\\\/\\\/poiriermarine.com\\\/en\\\/princecraft-ventura\\\/#breadcrumb\",\"itemListElement\":[{\"@type\":\"ListItem\",\"position\":1,\"name\":\"Accueil\",\"item\":\"https:\\\/\\\/poiriermarine.com\\\/en\\\/\"},{\"@type\":\"ListItem\",\"position\":2,\"name\":\"Princecraft Ventura\"}]},{\"@type\":\"WebSite\",\"@id\":\"https:\\\/\\\/poiriermarine.com\\\/#website\",\"url\":\"https:\\\/\\\/poiriermarine.com\\\/\",\"name\":\"Marine Poirier Masson Thurso Gatineau\",\"description\":\"Just another WordPress site\",\"potentialAction\":[{\"@type\":\"SearchAction\",\"target\":{\"@type\":\"EntryPoint\",\"urlTemplate\":\"https:\\\/\\\/poiriermarine.com\\\/?s={search_term_string}\"},\"query-input\":{\"@type\":\"PropertyValueSpecification\",\"valueRequired\":true,\"valueName\":\"search_term_string\"}}],\"inLanguage\":\"en-US\"}]}<\/script>\n<!-- \/ Yoast SEO plugin. -->","yoast_head_json":{"title":"Princecraft Ventura &#8211; Marine Poirier Masson Thurso Gatineau","robots":{"index":"index","follow":"follow","max-snippet":"max-snippet:-1","max-image-preview":"max-image-preview:large","max-video-preview":"max-video-preview:-1"},"canonical":"https:\/\/poiriermarine.com\/en\/princecraft-ventura\/","og_locale":"en_US","og_type":"article","og_title":"Princecraft Ventura &#8211; Marine Poirier Masson Thurso Gatineau","og_description":"[vc_row type=&#8221;in_grid&#8221; el_class=&#8221;padding-100&#8243;][vc_column][vc_column_text] Princecraft Ventura [\/vc_column_text][\/vc_column][\/vc_row][vc_row type=&#8221;in_grid&#8221; el_class=&#8221;padding-b-100&#8243;][vc_column width=&#8221;1\/2&#8243;][vc_video link=&#8221;https:\/\/www.youtube.com\/watch?v=aAw63Il_Erg&amp;t=11s&#8221;][\/vc_column][vc_column width=&#8221;1\/2&#8243;][vc_column_text]Description du mod\u00e8le Ce bateau pont\u00e9 en aluminium de 19&#8217;2 &#8221; peut confortablement asseoir jusqu&#8217;\u00e0 8 personnes et \u00eatre propuls\u00e9 par un moteur hors-bord allant de 115 \u00e0 150 ch. Avec son r\u00e9servoir d&#8217;essence de 174 L (46 gal. U.S.). Sp\u00e9cifications Son aire de bronzage [&hellip;]","og_url":"https:\/\/poiriermarine.com\/en\/princecraft-ventura\/","og_site_name":"Marine Poirier Masson Thurso Gatineau","article_modified_time":"2022-04-05T19:13:52+00:00","twitter_card":"summary_large_image","twitter_misc":{"Est. reading time":"1 minute"},"schema":{"@context":"https:\/\/schema.org","@graph":[{"@type":"WebPage","@id":"https:\/\/poiriermarine.com\/en\/princecraft-ventura\/","url":"https:\/\/poiriermarine.com\/en\/princecraft-ventura\/","name":"Princecraft Ventura &#8211; Marine Poirier Masson Thurso Gatineau","isPartOf":{"@id":"https:\/\/poiriermarine.com\/#website"},"datePublished":"2021-09-27T17:45:06+00:00","dateModified":"2022-04-05T19:13:52+00:00","breadcrumb":{"@id":"https:\/\/poiriermarine.com\/en\/princecraft-ventura\/#breadcrumb"},"inLanguage":"en-US","potentialAction":[{"@type":"ReadAction","target":["https:\/\/poiriermarine.com\/en\/princecraft-ventura\/"]}]},{"@type":"BreadcrumbList","@id":"https:\/\/poiriermarine.com\/en\/princecraft-ventura\/#breadcrumb","itemListElement":[{"@type":"ListItem","position":1,"name":"Accueil","item":"https:\/\/poiriermarine.com\/en\/"},{"@type":"ListItem","position":2,"name":"Princecraft Ventura"}]},{"@type":"WebSite","@id":"https:\/\/poiriermarine.com\/#website","url":"https:\/\/poiriermarine.com\/","name":"Marine Poirier Masson Thurso Gatineau","description":"Just another WordPress site","potentialAction":[{"@type":"SearchAction","target":{"@type":"EntryPoint","urlTemplate":"https:\/\/poiriermarine.com\/?s={search_term_string}"},"query-input":{"@type":"PropertyValueSpecification","valueRequired":true,"valueName":"search_term_string"}}],"inLanguage":"en-US"}]}},"_links":{"self":[{"href":"https:\/\/poiriermarine.com\/en\/wp-json\/wp\/v2\/pages\/1664","targetHints":{"allow":["GET"]}}],"collection":[{"href":"https:\/\/poiriermarine.com\/en\/wp-json\/wp\/v2\/pages"}],"about":[{"href":"https:\/\/poiriermarine.com\/en\/wp-json\/wp\/v2\/types\/page"}],"author":[{"embeddable":true,"href":"https:\/\/poiriermarine.com\/en\/wp-json\/wp\/v2\/users\/1"}],"replies":[{"embeddable":true,"href":"https:\/\/poiriermarine.com\/en\/wp-json\/wp\/v2\/comments?post=1664"}],"version-history":[{"count":6,"href":"https:\/\/poiriermarine.com\/en\/wp-json\/wp\/v2\/pages\/1664\/revisions"}],"predecessor-version":[{"id":2535,"href":"https:\/\/poiriermarine.com\/en\/wp-json\/wp\/v2\/pages\/1664\/revisions\/2535"}],"wp:attachment":[{"href":"https:\/\/poiriermarine.com\/en\/wp-json\/wp\/v2\/media?parent=1664"}],"curies":[{"name":"wp","href":"https:\/\/api.w.org\/{rel}","templated":true}]}}