{"id":1668,"date":"2021-09-20T13:07:07","date_gmt":"2021-09-20T17:07:07","guid":{"rendered":"http:\/\/poiriermarine.com\/princecraft-vectra\/"},"modified":"2022-04-05T15:10:29","modified_gmt":"2022-04-05T19:10:29","slug":"princecraft-vectra","status":"publish","type":"page","link":"https:\/\/poiriermarine.com\/en\/princecraft-vectra\/","title":{"rendered":"Princecraft Vectra"},"content":{"rendered":"<div class=\"wpb-content-wrapper\"><p>[vc_row type=&#8221;in_grid&#8221; el_class=&#8221;padding-100&#8243;][vc_column][vc_column_text]<\/p>\n<h1>Princecraft Vectra<\/h1>\n<p>[\/vc_column_text]<a href=\"\/pontons\" target=\"_self\" class=\"dist-btn\">Back<\/a>[\/vc_column][\/vc_row][vc_row type=&#8221;in_grid&#8221; el_class=&#8221;padding-b-100&#8243;][vc_column width=&#8221;1\/2&#8243;][vc_video link=&#8221;https:\/\/youtu.be\/mH1C8YabPpQ&#8221;][\/vc_column][vc_column width=&#8221;1\/2&#8243;][vc_column_text]<strong>Description du mod\u00e8le<\/strong><\/p>\n<p>En plus de vous permettre de pratiquer tous vos sports nautiques pr\u00e9f\u00e9r\u00e9s, Le Vectra 21 est un ponton de qualit\u00e9, abordable et suffisamment spacieux pour accueillir jusqu\u2019\u00e0 10 personnes \u00e0 bord. Les chaises longues, l\u2019aire de bronzage arri\u00e8re, une radio, une prise 12V et une plateforme de baignade ne sont que quelques caract\u00e9ristiques qui vous feront appr\u00e9cier le c\u00f4t\u00e9 pratique et la simplicit\u00e9 de ce ponton.<\/p>\n<p><strong>Sp\u00e9cifications<\/strong><\/p>\n<p>Mesurant 21\u20196\u2019\u2019 il peut contenir un moteur de 40 \u00e0 115 force; 150 ch est \u00e9galement possible avec la configuration sport en option.<\/p>\n<p><a class=\"dist-btn\" href=\"#\" data-remodal-target=\"footerModal\">Learn more<\/a>[\/vc_column_text][\/vc_column][\/vc_row][vc_row type=&#8221;in_grid&#8221; el_class=&#8221;padding-b-100&#8243;][vc_column][vc_masonry_media_grid grid_id=&#8221;vc_gid:1649185811213-1df836eb-0a26-5&#8243; include=&#8221;1349,1347,1340&#8243;][\/vc_column][\/vc_row]<\/p>\n<\/div>","protected":false},"excerpt":{"rendered":"<p>[vc_row type=&#8221;in_grid&#8221; el_class=&#8221;padding-100&#8243;][vc_column][vc_column_text] Princecraft Vectra [\/vc_column_text][\/vc_column][\/vc_row][vc_row type=&#8221;in_grid&#8221; el_class=&#8221;padding-b-100&#8243;][vc_column width=&#8221;1\/2&#8243;][vc_video link=&#8221;https:\/\/youtu.be\/mH1C8YabPpQ&#8221;][\/vc_column][vc_column width=&#8221;1\/2&#8243;][vc_column_text]Description du mod\u00e8le En plus de vous permettre de pratiquer tous vos sports nautiques pr\u00e9f\u00e9r\u00e9s, Le Vectra 21 est un ponton de qualit\u00e9, abordable et suffisamment spacieux pour accueillir jusqu\u2019\u00e0 10 personnes \u00e0 bord. Les chaises longues, l\u2019aire de bronzage arri\u00e8re, une radio, une prise [&hellip;]<\/p>\n","protected":false},"author":1,"featured_media":0,"parent":0,"menu_order":0,"comment_status":"closed","ping_status":"closed","template":"","meta":{"_acf_changed":false,"footnotes":""},"class_list":["post-1668","page","type-page","status-publish","hentry"],"acf":[],"yoast_head":"<!-- This site is optimized with the Yoast SEO plugin v27.4 - https:\/\/yoast.com\/product\/yoast-seo-wordpress\/ -->\n<title>Princecraft Vectra &#8211; Marine Poirier Masson Thurso Gatineau<\/title>\n<meta name=\"robots\" content=\"index, follow, max-snippet:-1, max-image-preview:large, max-video-preview:-1\" \/>\n<link rel=\"canonical\" href=\"https:\/\/poiriermarine.com\/en\/princecraft-vectra\/\" \/>\n<meta property=\"og:locale\" content=\"en_US\" \/>\n<meta property=\"og:type\" content=\"article\" \/>\n<meta property=\"og:title\" content=\"Princecraft Vectra &#8211; Marine Poirier Masson Thurso Gatineau\" \/>\n<meta property=\"og:description\" content=\"[vc_row type=&#8221;in_grid&#8221; el_class=&#8221;padding-100&#8243;][vc_column][vc_column_text] Princecraft Vectra [\/vc_column_text][\/vc_column][\/vc_row][vc_row type=&#8221;in_grid&#8221; el_class=&#8221;padding-b-100&#8243;][vc_column width=&#8221;1\/2&#8243;][vc_video link=&#8221;https:\/\/youtu.be\/mH1C8YabPpQ&#8221;][\/vc_column][vc_column width=&#8221;1\/2&#8243;][vc_column_text]Description du mod\u00e8le En plus de vous permettre de pratiquer tous vos sports nautiques pr\u00e9f\u00e9r\u00e9s, Le Vectra 21 est un ponton de qualit\u00e9, abordable et suffisamment spacieux pour accueillir jusqu\u2019\u00e0 10 personnes \u00e0 bord. Les chaises longues, l\u2019aire de bronzage arri\u00e8re, une radio, une prise [&hellip;]\" \/>\n<meta property=\"og:url\" content=\"https:\/\/poiriermarine.com\/en\/princecraft-vectra\/\" \/>\n<meta property=\"og:site_name\" content=\"Marine Poirier Masson Thurso Gatineau\" \/>\n<meta property=\"article:modified_time\" content=\"2022-04-05T19:10:29+00:00\" \/>\n<meta name=\"twitter:card\" content=\"summary_large_image\" \/>\n<meta name=\"twitter:label1\" content=\"Est. reading time\" \/>\n\t<meta name=\"twitter:data1\" content=\"1 minute\" \/>\n<script type=\"application\/ld+json\" class=\"yoast-schema-graph\">{\"@context\":\"https:\\\/\\\/schema.org\",\"@graph\":[{\"@type\":\"WebPage\",\"@id\":\"https:\\\/\\\/poiriermarine.com\\\/en\\\/princecraft-vectra\\\/\",\"url\":\"https:\\\/\\\/poiriermarine.com\\\/en\\\/princecraft-vectra\\\/\",\"name\":\"Princecraft Vectra &#8211; Marine Poirier Masson Thurso Gatineau\",\"isPartOf\":{\"@id\":\"https:\\\/\\\/poiriermarine.com\\\/#website\"},\"datePublished\":\"2021-09-20T17:07:07+00:00\",\"dateModified\":\"2022-04-05T19:10:29+00:00\",\"breadcrumb\":{\"@id\":\"https:\\\/\\\/poiriermarine.com\\\/en\\\/princecraft-vectra\\\/#breadcrumb\"},\"inLanguage\":\"en-US\",\"potentialAction\":[{\"@type\":\"ReadAction\",\"target\":[\"https:\\\/\\\/poiriermarine.com\\\/en\\\/princecraft-vectra\\\/\"]}]},{\"@type\":\"BreadcrumbList\",\"@id\":\"https:\\\/\\\/poiriermarine.com\\\/en\\\/princecraft-vectra\\\/#breadcrumb\",\"itemListElement\":[{\"@type\":\"ListItem\",\"position\":1,\"name\":\"Accueil\",\"item\":\"https:\\\/\\\/poiriermarine.com\\\/en\\\/\"},{\"@type\":\"ListItem\",\"position\":2,\"name\":\"Princecraft Vectra\"}]},{\"@type\":\"WebSite\",\"@id\":\"https:\\\/\\\/poiriermarine.com\\\/#website\",\"url\":\"https:\\\/\\\/poiriermarine.com\\\/\",\"name\":\"Marine Poirier Masson Thurso Gatineau\",\"description\":\"Just another WordPress site\",\"potentialAction\":[{\"@type\":\"SearchAction\",\"target\":{\"@type\":\"EntryPoint\",\"urlTemplate\":\"https:\\\/\\\/poiriermarine.com\\\/?s={search_term_string}\"},\"query-input\":{\"@type\":\"PropertyValueSpecification\",\"valueRequired\":true,\"valueName\":\"search_term_string\"}}],\"inLanguage\":\"en-US\"}]}<\/script>\n<!-- \/ Yoast SEO plugin. -->","yoast_head_json":{"title":"Princecraft Vectra &#8211; Marine Poirier Masson Thurso Gatineau","robots":{"index":"index","follow":"follow","max-snippet":"max-snippet:-1","max-image-preview":"max-image-preview:large","max-video-preview":"max-video-preview:-1"},"canonical":"https:\/\/poiriermarine.com\/en\/princecraft-vectra\/","og_locale":"en_US","og_type":"article","og_title":"Princecraft Vectra &#8211; Marine Poirier Masson Thurso Gatineau","og_description":"[vc_row type=&#8221;in_grid&#8221; el_class=&#8221;padding-100&#8243;][vc_column][vc_column_text] Princecraft Vectra [\/vc_column_text][\/vc_column][\/vc_row][vc_row type=&#8221;in_grid&#8221; el_class=&#8221;padding-b-100&#8243;][vc_column width=&#8221;1\/2&#8243;][vc_video link=&#8221;https:\/\/youtu.be\/mH1C8YabPpQ&#8221;][\/vc_column][vc_column width=&#8221;1\/2&#8243;][vc_column_text]Description du mod\u00e8le En plus de vous permettre de pratiquer tous vos sports nautiques pr\u00e9f\u00e9r\u00e9s, Le Vectra 21 est un ponton de qualit\u00e9, abordable et suffisamment spacieux pour accueillir jusqu\u2019\u00e0 10 personnes \u00e0 bord. Les chaises longues, l\u2019aire de bronzage arri\u00e8re, une radio, une prise [&hellip;]","og_url":"https:\/\/poiriermarine.com\/en\/princecraft-vectra\/","og_site_name":"Marine Poirier Masson Thurso Gatineau","article_modified_time":"2022-04-05T19:10:29+00:00","twitter_card":"summary_large_image","twitter_misc":{"Est. reading time":"1 minute"},"schema":{"@context":"https:\/\/schema.org","@graph":[{"@type":"WebPage","@id":"https:\/\/poiriermarine.com\/en\/princecraft-vectra\/","url":"https:\/\/poiriermarine.com\/en\/princecraft-vectra\/","name":"Princecraft Vectra &#8211; Marine Poirier Masson Thurso Gatineau","isPartOf":{"@id":"https:\/\/poiriermarine.com\/#website"},"datePublished":"2021-09-20T17:07:07+00:00","dateModified":"2022-04-05T19:10:29+00:00","breadcrumb":{"@id":"https:\/\/poiriermarine.com\/en\/princecraft-vectra\/#breadcrumb"},"inLanguage":"en-US","potentialAction":[{"@type":"ReadAction","target":["https:\/\/poiriermarine.com\/en\/princecraft-vectra\/"]}]},{"@type":"BreadcrumbList","@id":"https:\/\/poiriermarine.com\/en\/princecraft-vectra\/#breadcrumb","itemListElement":[{"@type":"ListItem","position":1,"name":"Accueil","item":"https:\/\/poiriermarine.com\/en\/"},{"@type":"ListItem","position":2,"name":"Princecraft Vectra"}]},{"@type":"WebSite","@id":"https:\/\/poiriermarine.com\/#website","url":"https:\/\/poiriermarine.com\/","name":"Marine Poirier Masson Thurso Gatineau","description":"Just another WordPress site","potentialAction":[{"@type":"SearchAction","target":{"@type":"EntryPoint","urlTemplate":"https:\/\/poiriermarine.com\/?s={search_term_string}"},"query-input":{"@type":"PropertyValueSpecification","valueRequired":true,"valueName":"search_term_string"}}],"inLanguage":"en-US"}]}},"_links":{"self":[{"href":"https:\/\/poiriermarine.com\/en\/wp-json\/wp\/v2\/pages\/1668","targetHints":{"allow":["GET"]}}],"collection":[{"href":"https:\/\/poiriermarine.com\/en\/wp-json\/wp\/v2\/pages"}],"about":[{"href":"https:\/\/poiriermarine.com\/en\/wp-json\/wp\/v2\/types\/page"}],"author":[{"embeddable":true,"href":"https:\/\/poiriermarine.com\/en\/wp-json\/wp\/v2\/users\/1"}],"replies":[{"embeddable":true,"href":"https:\/\/poiriermarine.com\/en\/wp-json\/wp\/v2\/comments?post=1668"}],"version-history":[{"count":5,"href":"https:\/\/poiriermarine.com\/en\/wp-json\/wp\/v2\/pages\/1668\/revisions"}],"predecessor-version":[{"id":2527,"href":"https:\/\/poiriermarine.com\/en\/wp-json\/wp\/v2\/pages\/1668\/revisions\/2527"}],"wp:attachment":[{"href":"https:\/\/poiriermarine.com\/en\/wp-json\/wp\/v2\/media?parent=1668"}],"curies":[{"name":"wp","href":"https:\/\/api.w.org\/{rel}","templated":true}]}}