{"id":1681,"date":"2021-09-27T13:41:40","date_gmt":"2021-09-27T17:41:40","guid":{"rendered":"http:\/\/poiriermarine.com\/princecraft-platinum-186\/"},"modified":"2022-04-05T15:09:11","modified_gmt":"2022-04-05T19:09:11","slug":"princecraft-platinum-186","status":"publish","type":"page","link":"https:\/\/poiriermarine.com\/en\/princecraft-platinum-186\/","title":{"rendered":"Princecraft Platinum 186"},"content":{"rendered":"<div class=\"wpb-content-wrapper\"><p>[vc_row type=&#8221;in_grid&#8221; el_class=&#8221;padding-100&#8243;][vc_column][vc_column_text]<\/p>\n<h1>Princecraft Platinum 186<\/h1>\n<p>[\/vc_column_text]<a href=\"\/bateaux-de-peche\" target=\"_self\" class=\"dist-btn\">Back<\/a>[\/vc_column][\/vc_row][vc_row type=&#8221;in_grid&#8221; el_class=&#8221;padding-b-100&#8243;][vc_column width=&#8221;1\/2&#8243;][vc_video link=&#8221;https:\/\/youtu.be\/aGKD2F-Yxhs&#8221;][\/vc_column][vc_column width=&#8221;1\/2&#8243;][vc_column_text]<strong>Description du mod\u00e8le<\/strong><\/p>\n<p><span style=\"font-weight: 400;\">Un bateau de 18\u20196\u201d qui allie<\/span> <span style=\"font-weight: 400;\">fonctionnalit\u00e9, confort et luxe. Avec des plateformes de p\u00eache sur\u00e9lev\u00e9es \u00e0 l&#8217;avant et \u00e0 l&#8217;arri\u00e8re, des viviers, de nombreux rangements, des si\u00e8ges d&#8217;appoint repliables \u00e0 l&#8217;arri\u00e8re et une salle d&#8217;habillage escamotable, ce bateau de la s\u00e9rie Platinum SE a tout ce dont vous avez besoin pour passer d&#8217;excellents moments sur l&#8217;eau.\u00a0<\/span><\/p>\n<p><strong>Sp\u00e9cifications<\/strong><\/p>\n<p><span style=\"font-weight: 400;\">Le Platinum SE 186 peut \u00eatre \u00e9quip\u00e9 d&#8217;un moteur hors-bord allant de 150 \u00e0 175 ch et peut accueillir jusqu&#8217;\u00e0 7 personnes (8 aux \u00c9tats-Unis).<\/span><\/p>\n<p><a class=\"dist-btn\" href=\"#\" data-remodal-target=\"footerModal\">Learn more<\/a>[\/vc_column_text][\/vc_column][\/vc_row][vc_row type=&#8221;in_grid&#8221; el_class=&#8221;padding-b-100&#8243;][vc_column][vc_masonry_media_grid grid_id=&#8221;vc_gid:1649185734729-05b824e4-fc4e-9&#8243; include=&#8221;1590,1592,1594&#8243;][\/vc_column][\/vc_row]<\/p>\n<\/div>","protected":false},"excerpt":{"rendered":"<p>[vc_row type=&#8221;in_grid&#8221; el_class=&#8221;padding-100&#8243;][vc_column][vc_column_text] Princecraft Platinum 186 [\/vc_column_text][\/vc_column][\/vc_row][vc_row type=&#8221;in_grid&#8221; el_class=&#8221;padding-b-100&#8243;][vc_column width=&#8221;1\/2&#8243;][vc_video link=&#8221;https:\/\/youtu.be\/aGKD2F-Yxhs&#8221;][\/vc_column][vc_column width=&#8221;1\/2&#8243;][vc_column_text]Description du mod\u00e8le Un bateau de 18\u20196\u201d qui allie fonctionnalit\u00e9, confort et luxe. Avec des plateformes de p\u00eache sur\u00e9lev\u00e9es \u00e0 l&#8217;avant et \u00e0 l&#8217;arri\u00e8re, des viviers, de nombreux rangements, des si\u00e8ges d&#8217;appoint repliables \u00e0 l&#8217;arri\u00e8re et une salle d&#8217;habillage escamotable, ce bateau de la [&hellip;]<\/p>\n","protected":false},"author":1,"featured_media":0,"parent":0,"menu_order":0,"comment_status":"closed","ping_status":"closed","template":"","meta":{"_acf_changed":false,"footnotes":""},"class_list":["post-1681","page","type-page","status-publish","hentry"],"acf":[],"yoast_head":"<!-- This site is optimized with the Yoast SEO plugin v27.3 - https:\/\/yoast.com\/product\/yoast-seo-wordpress\/ -->\n<title>Princecraft Platinum 186 &#8211; Marine Poirier Masson Thurso Gatineau<\/title>\n<meta name=\"robots\" content=\"index, follow, max-snippet:-1, max-image-preview:large, max-video-preview:-1\" \/>\n<link rel=\"canonical\" href=\"https:\/\/poiriermarine.com\/en\/princecraft-platinum-186\/\" \/>\n<meta property=\"og:locale\" content=\"en_US\" \/>\n<meta property=\"og:type\" content=\"article\" \/>\n<meta property=\"og:title\" content=\"Princecraft Platinum 186 &#8211; Marine Poirier Masson Thurso Gatineau\" \/>\n<meta property=\"og:description\" content=\"[vc_row type=&#8221;in_grid&#8221; el_class=&#8221;padding-100&#8243;][vc_column][vc_column_text] Princecraft Platinum 186 [\/vc_column_text][\/vc_column][\/vc_row][vc_row type=&#8221;in_grid&#8221; el_class=&#8221;padding-b-100&#8243;][vc_column width=&#8221;1\/2&#8243;][vc_video link=&#8221;https:\/\/youtu.be\/aGKD2F-Yxhs&#8221;][\/vc_column][vc_column width=&#8221;1\/2&#8243;][vc_column_text]Description du mod\u00e8le Un bateau de 18\u20196\u201d qui allie fonctionnalit\u00e9, confort et luxe. Avec des plateformes de p\u00eache sur\u00e9lev\u00e9es \u00e0 l&#8217;avant et \u00e0 l&#8217;arri\u00e8re, des viviers, de nombreux rangements, des si\u00e8ges d&#8217;appoint repliables \u00e0 l&#8217;arri\u00e8re et une salle d&#8217;habillage escamotable, ce bateau de la [&hellip;]\" \/>\n<meta property=\"og:url\" content=\"https:\/\/poiriermarine.com\/en\/princecraft-platinum-186\/\" \/>\n<meta property=\"og:site_name\" content=\"Marine Poirier Masson Thurso Gatineau\" \/>\n<meta property=\"article:modified_time\" content=\"2022-04-05T19:09:11+00:00\" \/>\n<meta name=\"twitter:card\" content=\"summary_large_image\" \/>\n<meta name=\"twitter:label1\" content=\"Est. reading time\" \/>\n\t<meta name=\"twitter:data1\" content=\"1 minute\" \/>\n<script type=\"application\/ld+json\" class=\"yoast-schema-graph\">{\"@context\":\"https:\\\/\\\/schema.org\",\"@graph\":[{\"@type\":\"WebPage\",\"@id\":\"https:\\\/\\\/poiriermarine.com\\\/en\\\/princecraft-platinum-186\\\/\",\"url\":\"https:\\\/\\\/poiriermarine.com\\\/en\\\/princecraft-platinum-186\\\/\",\"name\":\"Princecraft Platinum 186 &#8211; Marine Poirier Masson Thurso Gatineau\",\"isPartOf\":{\"@id\":\"https:\\\/\\\/poiriermarine.com\\\/#website\"},\"datePublished\":\"2021-09-27T17:41:40+00:00\",\"dateModified\":\"2022-04-05T19:09:11+00:00\",\"breadcrumb\":{\"@id\":\"https:\\\/\\\/poiriermarine.com\\\/en\\\/princecraft-platinum-186\\\/#breadcrumb\"},\"inLanguage\":\"en-US\",\"potentialAction\":[{\"@type\":\"ReadAction\",\"target\":[\"https:\\\/\\\/poiriermarine.com\\\/en\\\/princecraft-platinum-186\\\/\"]}]},{\"@type\":\"BreadcrumbList\",\"@id\":\"https:\\\/\\\/poiriermarine.com\\\/en\\\/princecraft-platinum-186\\\/#breadcrumb\",\"itemListElement\":[{\"@type\":\"ListItem\",\"position\":1,\"name\":\"Accueil\",\"item\":\"https:\\\/\\\/poiriermarine.com\\\/en\\\/\"},{\"@type\":\"ListItem\",\"position\":2,\"name\":\"Princecraft Platinum 186\"}]},{\"@type\":\"WebSite\",\"@id\":\"https:\\\/\\\/poiriermarine.com\\\/#website\",\"url\":\"https:\\\/\\\/poiriermarine.com\\\/\",\"name\":\"Marine Poirier Masson Thurso Gatineau\",\"description\":\"Just another WordPress site\",\"potentialAction\":[{\"@type\":\"SearchAction\",\"target\":{\"@type\":\"EntryPoint\",\"urlTemplate\":\"https:\\\/\\\/poiriermarine.com\\\/?s={search_term_string}\"},\"query-input\":{\"@type\":\"PropertyValueSpecification\",\"valueRequired\":true,\"valueName\":\"search_term_string\"}}],\"inLanguage\":\"en-US\"}]}<\/script>\n<!-- \/ Yoast SEO plugin. -->","yoast_head_json":{"title":"Princecraft Platinum 186 &#8211; Marine Poirier Masson Thurso Gatineau","robots":{"index":"index","follow":"follow","max-snippet":"max-snippet:-1","max-image-preview":"max-image-preview:large","max-video-preview":"max-video-preview:-1"},"canonical":"https:\/\/poiriermarine.com\/en\/princecraft-platinum-186\/","og_locale":"en_US","og_type":"article","og_title":"Princecraft Platinum 186 &#8211; Marine Poirier Masson Thurso Gatineau","og_description":"[vc_row type=&#8221;in_grid&#8221; el_class=&#8221;padding-100&#8243;][vc_column][vc_column_text] Princecraft Platinum 186 [\/vc_column_text][\/vc_column][\/vc_row][vc_row type=&#8221;in_grid&#8221; el_class=&#8221;padding-b-100&#8243;][vc_column width=&#8221;1\/2&#8243;][vc_video link=&#8221;https:\/\/youtu.be\/aGKD2F-Yxhs&#8221;][\/vc_column][vc_column width=&#8221;1\/2&#8243;][vc_column_text]Description du mod\u00e8le Un bateau de 18\u20196\u201d qui allie fonctionnalit\u00e9, confort et luxe. Avec des plateformes de p\u00eache sur\u00e9lev\u00e9es \u00e0 l&#8217;avant et \u00e0 l&#8217;arri\u00e8re, des viviers, de nombreux rangements, des si\u00e8ges d&#8217;appoint repliables \u00e0 l&#8217;arri\u00e8re et une salle d&#8217;habillage escamotable, ce bateau de la [&hellip;]","og_url":"https:\/\/poiriermarine.com\/en\/princecraft-platinum-186\/","og_site_name":"Marine Poirier Masson Thurso Gatineau","article_modified_time":"2022-04-05T19:09:11+00:00","twitter_card":"summary_large_image","twitter_misc":{"Est. reading time":"1 minute"},"schema":{"@context":"https:\/\/schema.org","@graph":[{"@type":"WebPage","@id":"https:\/\/poiriermarine.com\/en\/princecraft-platinum-186\/","url":"https:\/\/poiriermarine.com\/en\/princecraft-platinum-186\/","name":"Princecraft Platinum 186 &#8211; Marine Poirier Masson Thurso Gatineau","isPartOf":{"@id":"https:\/\/poiriermarine.com\/#website"},"datePublished":"2021-09-27T17:41:40+00:00","dateModified":"2022-04-05T19:09:11+00:00","breadcrumb":{"@id":"https:\/\/poiriermarine.com\/en\/princecraft-platinum-186\/#breadcrumb"},"inLanguage":"en-US","potentialAction":[{"@type":"ReadAction","target":["https:\/\/poiriermarine.com\/en\/princecraft-platinum-186\/"]}]},{"@type":"BreadcrumbList","@id":"https:\/\/poiriermarine.com\/en\/princecraft-platinum-186\/#breadcrumb","itemListElement":[{"@type":"ListItem","position":1,"name":"Accueil","item":"https:\/\/poiriermarine.com\/en\/"},{"@type":"ListItem","position":2,"name":"Princecraft Platinum 186"}]},{"@type":"WebSite","@id":"https:\/\/poiriermarine.com\/#website","url":"https:\/\/poiriermarine.com\/","name":"Marine Poirier Masson Thurso Gatineau","description":"Just another WordPress site","potentialAction":[{"@type":"SearchAction","target":{"@type":"EntryPoint","urlTemplate":"https:\/\/poiriermarine.com\/?s={search_term_string}"},"query-input":{"@type":"PropertyValueSpecification","valueRequired":true,"valueName":"search_term_string"}}],"inLanguage":"en-US"}]}},"_links":{"self":[{"href":"https:\/\/poiriermarine.com\/en\/wp-json\/wp\/v2\/pages\/1681","targetHints":{"allow":["GET"]}}],"collection":[{"href":"https:\/\/poiriermarine.com\/en\/wp-json\/wp\/v2\/pages"}],"about":[{"href":"https:\/\/poiriermarine.com\/en\/wp-json\/wp\/v2\/types\/page"}],"author":[{"embeddable":true,"href":"https:\/\/poiriermarine.com\/en\/wp-json\/wp\/v2\/users\/1"}],"replies":[{"embeddable":true,"href":"https:\/\/poiriermarine.com\/en\/wp-json\/wp\/v2\/comments?post=1681"}],"version-history":[{"count":5,"href":"https:\/\/poiriermarine.com\/en\/wp-json\/wp\/v2\/pages\/1681\/revisions"}],"predecessor-version":[{"id":2525,"href":"https:\/\/poiriermarine.com\/en\/wp-json\/wp\/v2\/pages\/1681\/revisions\/2525"}],"wp:attachment":[{"href":"https:\/\/poiriermarine.com\/en\/wp-json\/wp\/v2\/media?parent=1681"}],"curies":[{"name":"wp","href":"https:\/\/api.w.org\/{rel}","templated":true}]}}