{"id":1688,"date":"2021-09-27T09:21:21","date_gmt":"2021-09-27T13:21:21","guid":{"rendered":"http:\/\/poiriermarine.com\/bateaux\/"},"modified":"2021-09-28T14:03:49","modified_gmt":"2021-09-28T18:03:49","slug":"boats","status":"publish","type":"page","link":"https:\/\/poiriermarine.com\/en\/boats\/","title":{"rendered":"Boats"},"content":{"rendered":"<div class=\"wpb-content-wrapper\"><p>[vc_row type=&#8221;in_grid&#8221; el_class=&#8221;padding-100&#8243;][vc_column][vc_column_text]<\/p>\n<h1>Boats<\/h1>\n<p>[\/vc_column_text][\/vc_column][\/vc_row][vc_row type=&#8221;in_grid&#8221; el_class=&#8221;padding-b-100&#8243;][vc_column][vc_column_text]\u00c0 la d\u00e9couverte des richesses naturelles de l&#8217;environnement de la grande r\u00e9gion de Gatineau-Ottawa, et pour le plaisir de naviguer, nous offrons un vaste choix de bateaux de plaisance pour vous permettre de vous d\u00e9tendre et de vivre vos passions.<\/p>\n<p>Notre \u00e9quipe a s\u00e9lectionn\u00e9 avec soin chacun des mod\u00e8les de bateaux que nous vendons. Les caract\u00e9ristiques, la qualit\u00e9 de la fabrication, le design et leurs \u00e9quipements refl\u00e8tent notre expertise et notre passion pour le nautisme.[\/vc_column_text][\/vc_column][\/vc_row][vc_row type=&#8221;in_grid&#8221; el_class=&#8221;padding-b-100 marque-row&#8221;][vc_column width=&#8221;1\/3&#8243;][vc_single_image image=&#8221;1295&#8243; img_size=&#8221;medium&#8221; alignment=&#8221;center&#8221;][vc_column_text el_class=&#8221;princecraft-row&#8221;]Sacr\u00e9 meilleur fabricant de bateaux en Am\u00e9rique du Nord, Princecraft se d\u00e9marque de la comp\u00e9tition gr\u00e2ce \u00e0 son usine de fabrication au Qu\u00e9bec.[\/vc_column_text][vc_column_text el_class=&#8221;cat-link&#8221;]<a href=\"\/princecraft\/\">Lien<\/a>[\/vc_column_text][\/vc_column][vc_column width=&#8221;1\/3&#8243; el_class=&#8221;monterey-row&#8221;][vc_single_image image=&#8221;1298&#8243; alignment=&#8221;center&#8221;][vc_column_text]Construit par des experts qualifi\u00e9s et con\u00e7u par des ing\u00e9nieurs, chaque bateau Monterey est construit pour le client.[\/vc_column_text][vc_column_text el_class=&#8221;cat-link&#8221;]<a href=\"\/monterey\/\">Lien<\/a>[\/vc_column_text][\/vc_column][vc_column width=&#8221;1\/3&#8243; el_class=&#8221;stingray-row&#8221;][vc_single_image image=&#8221;1264&#8243; img_size=&#8221;medium&#8221; alignment=&#8221;center&#8221;][vc_empty_space height=&#8221;15px&#8221;][vc_column_text]Le fondateur s\u2019est engag\u00e9 \u00e0 produire l&#8217;un des bateaux \u00e0 moteur les plus performants de l&#8217;industrie.[\/vc_column_text][vc_column_text el_class=&#8221;cat-link&#8221;]<a href=\"\/stingray\/\">Lien<\/a>[\/vc_column_text][\/vc_column][\/vc_row][vc_row equal_height=&#8221;yes&#8221; content_placement=&#8221;middle&#8221; type=&#8221;in_grid&#8221; el_class=&#8221;boat-row&#8221;][vc_column width=&#8221;1\/2&#8243; css=&#8221;.vc_custom_1632851615515{background-image: url(http:\/\/poiriermarine.com\/wp-content\/uploads\/2021\/09\/AttachmentImage-1.jpg?id=1326) !important;}&#8221; el_class=&#8221;imgBoats vc_col-md-push-6&#8243;][\/vc_column][vc_column width=&#8221;1\/2&#8243; el_class=&#8221;vc_col-md-pull-6&#8243;][vc_column_text el_class=&#8221;textBoats&#8221;]<\/p>\n<h3>P\u00eache<\/h3>\n<p>Ils sont con\u00e7us express\u00e9ment en fonction des besoins des p\u00eacheurs dans la fusion parfaite entre le design, la construction et la performance.[\/vc_column_text][vc_column_text el_class=&#8221;cat-link&#8221;]<a href=\"\/bateaux-de-peche\/\">Lien<\/a>[\/vc_column_text][\/vc_column][\/vc_row][vc_row equal_height=&#8221;yes&#8221; content_placement=&#8221;middle&#8221; type=&#8221;in_grid&#8221; el_class=&#8221;boat-row&#8221;][vc_column width=&#8221;1\/2&#8243; css=&#8221;.vc_custom_1632751496119{background-image: url(http:\/\/poiriermarine.com\/wp-content\/uploads\/2021\/09\/AttachmentImage-5-1.jpg?id=1368) !important;}&#8221; el_class=&#8221;imgBoats&#8221;][\/vc_column][vc_column width=&#8221;1\/2&#8243;][vc_column_text el_class=&#8221;textBoats&#8221;]<\/p>\n<h3>Pontons<\/h3>\n<p><span style=\"font-weight: 400;\">Les pontons sont les embarcations parfaites pour passer de longues heures sur l\u2019eau, pour les sorties de groupe, offrant tout le confort recherch\u00e9.<\/span><\/p>\n<p>[\/vc_column_text][vc_column_text el_class=&#8221;cat-link&#8221;]<a href=\"\/pontons\/\">Lien<\/a>[\/vc_column_text][\/vc_column][\/vc_row][vc_row equal_height=&#8221;yes&#8221; content_placement=&#8221;middle&#8221; type=&#8221;in_grid&#8221; el_class=&#8221;boat-row&#8221;][vc_column width=&#8221;1\/2&#8243; css=&#8221;.vc_custom_1632851219646{background-image: url(http:\/\/poiriermarine.com\/wp-content\/uploads\/2021\/09\/212sc-deck-boat-running-4.jpg?id=1210) !important;}&#8221; el_class=&#8221;imgBoats vc_col-md-push-6&#8243;][\/vc_column][vc_column width=&#8221;1\/2&#8243; el_class=&#8221;vc_col-md-pull-6&#8243;][vc_column_text el_class=&#8221;textBoats&#8221;]<\/p>\n<h3>Plaisance<\/h3>\n<p>De tailles variables, ces bateaux ont \u00e9t\u00e9 sp\u00e9cialement pens\u00e9s, et con\u00e7us, pour les amateurs de loisir.[\/vc_column_text][vc_column_text el_class=&#8221;cat-link&#8221;]<a href=\"\/bateaux-de-plaisance\/\">Lien<\/a>[\/vc_column_text][\/vc_column][\/vc_row][vc_row equal_height=&#8221;yes&#8221; content_placement=&#8221;middle&#8221; type=&#8221;in_grid&#8221; el_class=&#8221;boat-row&#8221;][vc_column width=&#8221;1\/2&#8243; css=&#8221;.vc_custom_1632751506001{background-image: url(http:\/\/poiriermarine.com\/wp-content\/uploads\/2021\/09\/182SC_Sitting_Starboard-BowD52_4979-1.jpg?id=1245) !important;}&#8221; el_class=&#8221;imgBoats&#8221;][\/vc_column][vc_column width=&#8221;1\/2&#8243;][vc_column_text el_class=&#8221;textBoats&#8221;]<\/p>\n<h3>Pont\u00e9<\/h3>\n<p>Les adeptes de sports nautiques qui d\u00e9sirent allier plaisir et s\u00e9curit\u00e9 trouveront facilement un mod\u00e8le qui leur pla\u00eet.<br \/>\n[\/vc_column_text][vc_column_text el_class=&#8221;cat-link&#8221;]<a href=\"\/bateaux-de-ponte\/\">Lien<\/a>[\/vc_column_text][\/vc_column][\/vc_row][vc_row equal_height=&#8221;yes&#8221; content_placement=&#8221;middle&#8221; type=&#8221;in_grid&#8221; el_class=&#8221;boat-row&#8221;][vc_column width=&#8221;1\/2&#8243; css=&#8221;.vc_custom_1632851239747{background-image: url(http:\/\/poiriermarine.com\/wp-content\/uploads\/2021\/09\/chaloupe-princecraft-1.jpg?id=1137) !important;}&#8221; el_class=&#8221;imgBoats vc_col-md-push-6&#8243;][\/vc_column][vc_column width=&#8221;1\/2&#8243; el_class=&#8221;vc_col-md-pull-6&#8243;][vc_column_text el_class=&#8221;textBoats&#8221;]<\/p>\n<h3>Chaloupe<\/h3>\n<p>Une canne \u00e0 p\u00eache, un cours d&#8217;eau et une chaloupe; tout ce qu\u2019il y a de plus simple, mais qui procure le plus grand bien ! Ajoutez \u00e0 cela une durabilit\u00e9 sans pr\u00e9c\u00e9dent, une l\u00e9g\u00e8ret\u00e9 \u00e9tonnante et une solidit\u00e9 \u00e0 toute \u00e9preuve. Ne sentez-vous pas d\u00e9j\u00e0 votre ligne fr\u00e9mir sous l&#8217;effet des clapotis de l&#8217;eau; \u00e7a mord ![\/vc_column_text][vc_column_text el_class=&#8221;cat-link&#8221;]<a href=\"\/chaloupe\/\">Lien<\/a>[\/vc_column_text][\/vc_column][\/vc_row]<\/p>\n<\/div>","protected":false},"excerpt":{"rendered":"<p>[vc_row type=&#8221;in_grid&#8221; el_class=&#8221;padding-100&#8243;][vc_column][vc_column_text] Boats [\/vc_column_text][\/vc_column][\/vc_row][vc_row type=&#8221;in_grid&#8221; el_class=&#8221;padding-b-100&#8243;][vc_column][vc_column_text]\u00c0 la d\u00e9couverte des richesses naturelles de l&#8217;environnement de la grande r\u00e9gion de Gatineau-Ottawa, et pour le plaisir de naviguer, nous offrons un vaste choix de bateaux de plaisance pour vous permettre de vous d\u00e9tendre et de vivre vos passions. Notre \u00e9quipe a s\u00e9lectionn\u00e9 avec soin chacun des mod\u00e8les [&hellip;]<\/p>\n","protected":false},"author":1,"featured_media":0,"parent":0,"menu_order":0,"comment_status":"closed","ping_status":"closed","template":"","meta":{"_acf_changed":false,"footnotes":""},"class_list":["post-1688","page","type-page","status-publish","hentry"],"acf":[],"yoast_head":"<!-- This site is optimized with the Yoast SEO plugin v27.4 - https:\/\/yoast.com\/product\/yoast-seo-wordpress\/ -->\n<title>Boats &#8211; Marine Poirier Masson Thurso Gatineau<\/title>\n<meta name=\"robots\" content=\"index, follow, max-snippet:-1, max-image-preview:large, max-video-preview:-1\" \/>\n<link rel=\"canonical\" href=\"https:\/\/poiriermarine.com\/en\/boats\/\" \/>\n<meta property=\"og:locale\" content=\"en_US\" \/>\n<meta property=\"og:type\" content=\"article\" \/>\n<meta property=\"og:title\" content=\"Boats &#8211; Marine Poirier Masson Thurso Gatineau\" \/>\n<meta property=\"og:description\" content=\"[vc_row type=&#8221;in_grid&#8221; el_class=&#8221;padding-100&#8243;][vc_column][vc_column_text] Boats [\/vc_column_text][\/vc_column][\/vc_row][vc_row type=&#8221;in_grid&#8221; el_class=&#8221;padding-b-100&#8243;][vc_column][vc_column_text]\u00c0 la d\u00e9couverte des richesses naturelles de l&#8217;environnement de la grande r\u00e9gion de Gatineau-Ottawa, et pour le plaisir de naviguer, nous offrons un vaste choix de bateaux de plaisance pour vous permettre de vous d\u00e9tendre et de vivre vos passions. Notre \u00e9quipe a s\u00e9lectionn\u00e9 avec soin chacun des mod\u00e8les [&hellip;]\" \/>\n<meta property=\"og:url\" content=\"https:\/\/poiriermarine.com\/en\/boats\/\" \/>\n<meta property=\"og:site_name\" content=\"Marine Poirier Masson Thurso Gatineau\" \/>\n<meta property=\"article:modified_time\" content=\"2021-09-28T18:03:49+00:00\" \/>\n<meta name=\"twitter:card\" content=\"summary_large_image\" \/>\n<meta name=\"twitter:label1\" content=\"Est. reading time\" \/>\n\t<meta name=\"twitter:data1\" content=\"4 minutes\" \/>\n<script type=\"application\/ld+json\" class=\"yoast-schema-graph\">{\"@context\":\"https:\\\/\\\/schema.org\",\"@graph\":[{\"@type\":\"WebPage\",\"@id\":\"https:\\\/\\\/poiriermarine.com\\\/en\\\/boats\\\/\",\"url\":\"https:\\\/\\\/poiriermarine.com\\\/en\\\/boats\\\/\",\"name\":\"Boats &#8211; Marine Poirier Masson Thurso Gatineau\",\"isPartOf\":{\"@id\":\"https:\\\/\\\/poiriermarine.com\\\/#website\"},\"datePublished\":\"2021-09-27T13:21:21+00:00\",\"dateModified\":\"2021-09-28T18:03:49+00:00\",\"breadcrumb\":{\"@id\":\"https:\\\/\\\/poiriermarine.com\\\/en\\\/boats\\\/#breadcrumb\"},\"inLanguage\":\"en-US\",\"potentialAction\":[{\"@type\":\"ReadAction\",\"target\":[\"https:\\\/\\\/poiriermarine.com\\\/en\\\/boats\\\/\"]}]},{\"@type\":\"BreadcrumbList\",\"@id\":\"https:\\\/\\\/poiriermarine.com\\\/en\\\/boats\\\/#breadcrumb\",\"itemListElement\":[{\"@type\":\"ListItem\",\"position\":1,\"name\":\"Accueil\",\"item\":\"https:\\\/\\\/poiriermarine.com\\\/en\\\/\"},{\"@type\":\"ListItem\",\"position\":2,\"name\":\"Boats\"}]},{\"@type\":\"WebSite\",\"@id\":\"https:\\\/\\\/poiriermarine.com\\\/#website\",\"url\":\"https:\\\/\\\/poiriermarine.com\\\/\",\"name\":\"Marine Poirier Masson Thurso Gatineau\",\"description\":\"Just another WordPress site\",\"potentialAction\":[{\"@type\":\"SearchAction\",\"target\":{\"@type\":\"EntryPoint\",\"urlTemplate\":\"https:\\\/\\\/poiriermarine.com\\\/?s={search_term_string}\"},\"query-input\":{\"@type\":\"PropertyValueSpecification\",\"valueRequired\":true,\"valueName\":\"search_term_string\"}}],\"inLanguage\":\"en-US\"}]}<\/script>\n<!-- \/ Yoast SEO plugin. -->","yoast_head_json":{"title":"Boats &#8211; Marine Poirier Masson Thurso Gatineau","robots":{"index":"index","follow":"follow","max-snippet":"max-snippet:-1","max-image-preview":"max-image-preview:large","max-video-preview":"max-video-preview:-1"},"canonical":"https:\/\/poiriermarine.com\/en\/boats\/","og_locale":"en_US","og_type":"article","og_title":"Boats &#8211; Marine Poirier Masson Thurso Gatineau","og_description":"[vc_row type=&#8221;in_grid&#8221; el_class=&#8221;padding-100&#8243;][vc_column][vc_column_text] Boats [\/vc_column_text][\/vc_column][\/vc_row][vc_row type=&#8221;in_grid&#8221; el_class=&#8221;padding-b-100&#8243;][vc_column][vc_column_text]\u00c0 la d\u00e9couverte des richesses naturelles de l&#8217;environnement de la grande r\u00e9gion de Gatineau-Ottawa, et pour le plaisir de naviguer, nous offrons un vaste choix de bateaux de plaisance pour vous permettre de vous d\u00e9tendre et de vivre vos passions. Notre \u00e9quipe a s\u00e9lectionn\u00e9 avec soin chacun des mod\u00e8les [&hellip;]","og_url":"https:\/\/poiriermarine.com\/en\/boats\/","og_site_name":"Marine Poirier Masson Thurso Gatineau","article_modified_time":"2021-09-28T18:03:49+00:00","twitter_card":"summary_large_image","twitter_misc":{"Est. reading time":"4 minutes"},"schema":{"@context":"https:\/\/schema.org","@graph":[{"@type":"WebPage","@id":"https:\/\/poiriermarine.com\/en\/boats\/","url":"https:\/\/poiriermarine.com\/en\/boats\/","name":"Boats &#8211; Marine Poirier Masson Thurso Gatineau","isPartOf":{"@id":"https:\/\/poiriermarine.com\/#website"},"datePublished":"2021-09-27T13:21:21+00:00","dateModified":"2021-09-28T18:03:49+00:00","breadcrumb":{"@id":"https:\/\/poiriermarine.com\/en\/boats\/#breadcrumb"},"inLanguage":"en-US","potentialAction":[{"@type":"ReadAction","target":["https:\/\/poiriermarine.com\/en\/boats\/"]}]},{"@type":"BreadcrumbList","@id":"https:\/\/poiriermarine.com\/en\/boats\/#breadcrumb","itemListElement":[{"@type":"ListItem","position":1,"name":"Accueil","item":"https:\/\/poiriermarine.com\/en\/"},{"@type":"ListItem","position":2,"name":"Boats"}]},{"@type":"WebSite","@id":"https:\/\/poiriermarine.com\/#website","url":"https:\/\/poiriermarine.com\/","name":"Marine Poirier Masson Thurso Gatineau","description":"Just another WordPress site","potentialAction":[{"@type":"SearchAction","target":{"@type":"EntryPoint","urlTemplate":"https:\/\/poiriermarine.com\/?s={search_term_string}"},"query-input":{"@type":"PropertyValueSpecification","valueRequired":true,"valueName":"search_term_string"}}],"inLanguage":"en-US"}]}},"_links":{"self":[{"href":"https:\/\/poiriermarine.com\/en\/wp-json\/wp\/v2\/pages\/1688","targetHints":{"allow":["GET"]}}],"collection":[{"href":"https:\/\/poiriermarine.com\/en\/wp-json\/wp\/v2\/pages"}],"about":[{"href":"https:\/\/poiriermarine.com\/en\/wp-json\/wp\/v2\/types\/page"}],"author":[{"embeddable":true,"href":"https:\/\/poiriermarine.com\/en\/wp-json\/wp\/v2\/users\/1"}],"replies":[{"embeddable":true,"href":"https:\/\/poiriermarine.com\/en\/wp-json\/wp\/v2\/comments?post=1688"}],"version-history":[{"count":5,"href":"https:\/\/poiriermarine.com\/en\/wp-json\/wp\/v2\/pages\/1688\/revisions"}],"predecessor-version":[{"id":1754,"href":"https:\/\/poiriermarine.com\/en\/wp-json\/wp\/v2\/pages\/1688\/revisions\/1754"}],"wp:attachment":[{"href":"https:\/\/poiriermarine.com\/en\/wp-json\/wp\/v2\/media?parent=1688"}],"curies":[{"name":"wp","href":"https:\/\/api.w.org\/{rel}","templated":true}]}}