{"id":807,"date":"2021-09-02T16:07:35","date_gmt":"2021-09-02T20:07:35","guid":{"rendered":"http:\/\/poiriermarine.com\/bateaux-de-plaisance\/"},"modified":"2024-07-03T13:11:12","modified_gmt":"2024-07-03T17:11:12","slug":"pleasure-boats","status":"publish","type":"page","link":"https:\/\/poiriermarine.com\/en\/pleasure-boats\/","title":{"rendered":"Pleasure boats"},"content":{"rendered":"<div class=\"wpb-content-wrapper\"><p>[vc_row type=&#8221;in_grid&#8221; el_class=&#8221;padding-100&#8243;][vc_column][vc_column_text]<\/p>\n<h1>Bateaux de plaisance<\/h1>\n<p>[\/vc_column_text][\/vc_column][\/vc_row][vc_row type=&#8221;in_grid&#8221; el_class=&#8221;padding-b-100&#8243;][vc_column width=&#8221;1\/2&#8243;][vc_single_image image=&#8221;1131&#8243; img_size=&#8221;full&#8221; css_animation=&#8221;fadeInUp&#8221;][\/vc_column][vc_column width=&#8221;1\/2&#8243;][vc_column_text]<\/p>\n<h2>Libert\u00e9 et sensations fortes !<\/h2>\n<p>De tailles variables, ces bateaux de plaisance ont \u00e9t\u00e9 sp\u00e9cialement pens\u00e9s et con\u00e7us pour les amateurs de loisir.<\/p>\n<p><strong>D\u00e9couvrez le nautisme de plaisance et la passion de naviguer.<\/strong><\/p>\n<p>Offrant \u00e0 la fois s\u00e9curit\u00e9 et performance, les bateaux de plaisance sont id\u00e9aux pour rehausser votre exp\u00e9rience nautique et conqu\u00e9rir les plans d\u2019eau en petit groupe ou en famille.<\/p>\n<p>Pour ceux qui recherchent ce type d\u2019exp\u00e9rience, nous offrons une panoplie de mod\u00e8les, d\u2019\u00e9quipements et d\u2019accessoires sp\u00e9cialement con\u00e7us pour vous.<\/p>\n<p>Notre \u00e9quipe est l\u00e0 pour vous accompagner et vous offrir les meilleurs choix possibles afin d&#8217;optimiser chacune de vos excursions.<\/p>\n<p>Ne manquez pas le bateau et offrez-vous la libert\u00e9; Voyez toute la gamme d\u2019embarcation de plaisance que nous offrons.[\/vc_column_text][\/vc_column][\/vc_row][vc_row type=&#8221;in_grid&#8221; el_class=&#8221;padding-b-100&#8243;][vc_column][vc_column_text]<\/p>\n<h3>See our inventory<\/h3>\n<p>[\/vc_column_text]<div class=\"dist-shortcode-container wpb_content_element\">\n\n\n    <div class=\"blog-listing-holder blog-col-count-4 listing-shortcode-row\">\n\n        <div class=\"container\">\n\n            <div class=\"blog-listing-inner\">\n\n                \n                <article id=\"post-9681\" class=\"post-9681 inventaire type-inventaire status-publish hentry etat-demo marque-princecraft-en categorie-fishing-boats categorie-pleasure-boats\" data-postid=\"9681\">\n\n                    <div class=\"inventaire-article-inner\">\n\n                        <a class=\"inventaire-listing-link\" href=\"https:\/\/poiriermarine.com\/en\/inventory\/2025-demo-sport-175-max-115proxs\/\"><\/a>\n\n                        <div class=\"blog-single-middle\">\n\n                             \n\n                                <div class=\"inventaire-listing-thumbnail\" style=\"background-image:url('https:\/\/poiriermarine.com\/wp-content\/uploads\/2026\/03\/1000015033-300x135-1.jpg');\">\n\n                                \n                                    <div class=\"listing-status\"><p class=\"\">For sale<\/p><\/div>\n\n                                \n                                <\/div>\n\n                            \n                            <div class=\"inventaire-listing-content\">\n\n                                <div class=\"inventaire-listing-title\">\n\n                                    <p>2025 Demo Sport 175 Max, 115ProXS<\/p>\n\n                                <\/div>\n\n                                <div class=\"inventaire-listing-annee-sku\">2025 \/ 29396<\/div>\n\n                                <div class=\"inventaire-listing-prix\">Princeecraft rebate applicable $<\/div>\n\n                            <\/div>\n\n                        <\/div>\n\n                    <\/div>\n\n                <\/article>\n\n                \n                <article id=\"post-9658\" class=\"post-9658 inventaire type-inventaire status-publish hentry etat-new marque-princecraft-en categorie-fishing-boats\" data-postid=\"9658\">\n\n                    <div class=\"inventaire-article-inner\">\n\n                        <a class=\"inventaire-listing-link\" href=\"https:\/\/poiriermarine.com\/en\/inventory\/2025-hudson-19-ws-150-pro-xs\/\"><\/a>\n\n                        <div class=\"blog-single-middle\">\n\n                             \n\n                                <div class=\"inventaire-listing-thumbnail\" style=\"background-image:url('https:\/\/poiriermarine.com\/wp-content\/uploads\/2026\/03\/1000013142-1-300x135-1.jpg');\">\n\n                                \n                                    <div class=\"listing-status\"><p class=\"\">For sale<\/p><\/div>\n\n                                \n                                <\/div>\n\n                            \n                            <div class=\"inventaire-listing-content\">\n\n                                <div class=\"inventaire-listing-title\">\n\n                                    <p>2025 Hudson 19  WS, 150 Pro XS<\/p>\n\n                                <\/div>\n\n                                <div class=\"inventaire-listing-annee-sku\">2025 \/ 29534<\/div>\n\n                                <div class=\"inventaire-listing-prix\"><\/div>\n\n                            <\/div>\n\n                        <\/div>\n\n                    <\/div>\n\n                <\/article>\n\n                \n                <article id=\"post-9538\" class=\"post-9538 inventaire type-inventaire status-publish hentry etat-new marque-princecraft-en categorie-fishing-boats\" data-postid=\"9538\">\n\n                    <div class=\"inventaire-article-inner\">\n\n                        <a class=\"inventaire-listing-link\" href=\"https:\/\/poiriermarine.com\/en\/inventory\/amarok-166-ws-75hp-with-trailer-pictures-to-follow\/\"><\/a>\n\n                        <div class=\"blog-single-middle\">\n\n                             \n\n                                <div class=\"inventaire-listing-thumbnail\" style=\"background-image:url('https:\/\/poiriermarine.com\/wp-content\/uploads\/2025\/12\/AMAROK-166-WS-NOIR.jpg');\">\n\n                                \n                                    <div class=\"listing-status\"><p class=\"\">New<\/p><\/div>\n\n                                \n                                <\/div>\n\n                            \n                            <div class=\"inventaire-listing-content\">\n\n                                <div class=\"inventaire-listing-title\">\n\n                                    <p>2026   Amarok 166 WS, 75hp,  with trailer. Pictures to follow<\/p>\n\n                                <\/div>\n\n                                <div class=\"inventaire-listing-annee-sku\">2026 \/ 29706<\/div>\n\n                                <div class=\"inventaire-listing-prix\"><\/div>\n\n                            <\/div>\n\n                        <\/div>\n\n                    <\/div>\n\n                <\/article>\n\n                \n                <article id=\"post-9537\" class=\"post-9537 inventaire type-inventaire status-publish hentry etat-new etat-new-arrival marque-princecraft-en categorie-fishing-boats\" data-postid=\"9537\">\n\n                    <div class=\"inventaire-article-inner\">\n\n                        <a class=\"inventaire-listing-link\" href=\"https:\/\/poiriermarine.com\/en\/inventory\/amarok-166-ws-60hp-with-trailer-pictures-to-follow\/\"><\/a>\n\n                        <div class=\"blog-single-middle\">\n\n                             \n\n                                <div class=\"inventaire-listing-thumbnail\" style=\"background-image:url('https:\/\/poiriermarine.com\/wp-content\/uploads\/2025\/12\/AMAROK-166WS-NOIR.jpg');\">\n\n                                \n                                    <div class=\"listing-status\"><p class=\"\">New<\/p><\/div>\n\n                                \n                                <\/div>\n\n                            \n                            <div class=\"inventaire-listing-content\">\n\n                                <div class=\"inventaire-listing-title\">\n\n                                    <p>2026   Amarok 166 WS, 60hp,  with trailer. Pictures to follow<\/p>\n\n                                <\/div>\n\n                                <div class=\"inventaire-listing-annee-sku\">2026 \/ 29703<\/div>\n\n                                <div class=\"inventaire-listing-prix\"><\/div>\n\n                            <\/div>\n\n                        <\/div>\n\n                    <\/div>\n\n                <\/article>\n\n                \n                <article id=\"post-9536\" class=\"post-9536 inventaire type-inventaire status-publish hentry etat-new etat-new-arrival marque-princecraft-en categorie-fishing-boats\" data-postid=\"9536\">\n\n                    <div class=\"inventaire-article-inner\">\n\n                        <a class=\"inventaire-listing-link\" href=\"https:\/\/poiriermarine.com\/en\/inventory\/holiday-162-sc-max-60hp-with-trailer-pictures-to-follow\/\"><\/a>\n\n                        <div class=\"blog-single-middle\">\n\n                             \n\n                                <div class=\"inventaire-listing-thumbnail\" style=\"background-image:url('https:\/\/poiriermarine.com\/wp-content\/uploads\/2025\/12\/HOLIDAY-162SC-MAX-NOIR-1.jpg');\">\n\n                                \n                                    <div class=\"listing-status\"><p class=\"\">New<\/p><\/div>\n\n                                \n                                <\/div>\n\n                            \n                            <div class=\"inventaire-listing-content\">\n\n                                <div class=\"inventaire-listing-title\">\n\n                                    <p>Holiday 162 SC MAX, 60hp,  with trailer. Pictures to follow<\/p>\n\n                                <\/div>\n\n                                <div class=\"inventaire-listing-annee-sku\">2026 \/ 29700<\/div>\n\n                                <div class=\"inventaire-listing-prix\"><\/div>\n\n                            <\/div>\n\n                        <\/div>\n\n                    <\/div>\n\n                <\/article>\n\n                \n                <article id=\"post-9534\" class=\"post-9534 inventaire type-inventaire status-publish hentry etat-new etat-new-arrival marque-princecraft-en categorie-fishing-boats\" data-postid=\"9534\">\n\n                    <div class=\"inventaire-article-inner\">\n\n                        <a class=\"inventaire-listing-link\" href=\"https:\/\/poiriermarine.com\/en\/inventory\/holiday-162-ws-max-60hp-with-trailer-pictures-to-follow-6\/\"><\/a>\n\n                        <div class=\"blog-single-middle\">\n\n                             \n\n                                <div class=\"inventaire-listing-thumbnail\" style=\"background-image:url('https:\/\/poiriermarine.com\/wp-content\/uploads\/2025\/12\/HOLIDAY-162WS-MAX-NOIR.jpg');\">\n\n                                \n                                    <div class=\"listing-status\"><p class=\"\">New<\/p><\/div>\n\n                                \n                                <\/div>\n\n                            \n                            <div class=\"inventaire-listing-content\">\n\n                                <div class=\"inventaire-listing-title\">\n\n                                    <p>Holiday 162 WS MAX, 60hp,  with trailer. Pictures to follow<\/p>\n\n                                <\/div>\n\n                                <div class=\"inventaire-listing-annee-sku\">2026 \/ 29697<\/div>\n\n                                <div class=\"inventaire-listing-prix\"><\/div>\n\n                            <\/div>\n\n                        <\/div>\n\n                    <\/div>\n\n                <\/article>\n\n                \n                <article id=\"post-9533\" class=\"post-9533 inventaire type-inventaire status-publish hentry etat-new etat-new-arrival marque-princecraft-en categorie-fishing-boats\" data-postid=\"9533\">\n\n                    <div class=\"inventaire-article-inner\">\n\n                        <a class=\"inventaire-listing-link\" href=\"https:\/\/poiriermarine.com\/en\/inventory\/holiday-162-ws-max-60hp-with-trailer-pictures-to-follow-5\/\"><\/a>\n\n                        <div class=\"blog-single-middle\">\n\n                             \n\n                                <div class=\"inventaire-listing-thumbnail\" style=\"background-image:url('https:\/\/poiriermarine.com\/wp-content\/uploads\/2025\/12\/HOLIDAY-162-WS-BLEU.jpg');\">\n\n                                \n                                    <div class=\"listing-status\"><p class=\"\">New<\/p><\/div>\n\n                                \n                                <\/div>\n\n                            \n                            <div class=\"inventaire-listing-content\">\n\n                                <div class=\"inventaire-listing-title\">\n\n                                    <p>Holiday 162 WS MAX, 60hp, with trailer.  Pictures to follow<\/p>\n\n                                <\/div>\n\n                                <div class=\"inventaire-listing-annee-sku\">2026 \/ 29694<\/div>\n\n                                <div class=\"inventaire-listing-prix\"><\/div>\n\n                            <\/div>\n\n                        <\/div>\n\n                    <\/div>\n\n                <\/article>\n\n                \n                <article id=\"post-9532\" class=\"post-9532 inventaire type-inventaire status-publish hentry etat-new etat-new-arrival marque-princecraft-en categorie-fishing-boats\" data-postid=\"9532\">\n\n                    <div class=\"inventaire-article-inner\">\n\n                        <a class=\"inventaire-listing-link\" href=\"https:\/\/poiriermarine.com\/en\/inventory\/holiday-162-ws-max-60hp-with-trailer-pictures-to-follow-4\/\"><\/a>\n\n                        <div class=\"blog-single-middle\">\n\n                             \n\n                                <div class=\"inventaire-listing-thumbnail\" style=\"background-image:url('https:\/\/poiriermarine.com\/wp-content\/uploads\/2025\/12\/HOLIDAY-162-WS-BLEU.jpg');\">\n\n                                \n                                    <div class=\"listing-status\"><p class=\"\">New<\/p><\/div>\n\n                                \n                                <\/div>\n\n                            \n                            <div class=\"inventaire-listing-content\">\n\n                                <div class=\"inventaire-listing-title\">\n\n                                    <p>Holiday 162 WS MAX, 60hp,  with trailer.  Pictures to follow<\/p>\n\n                                <\/div>\n\n                                <div class=\"inventaire-listing-annee-sku\">2026 \/ 29691<\/div>\n\n                                <div class=\"inventaire-listing-prix\"><\/div>\n\n                            <\/div>\n\n                        <\/div>\n\n                    <\/div>\n\n                <\/article>\n\n                \n                <article id=\"post-9531\" class=\"post-9531 inventaire type-inventaire status-publish hentry etat-new etat-new-arrival marque-princecraft-en categorie-fishing-boats\" data-postid=\"9531\">\n\n                    <div class=\"inventaire-article-inner\">\n\n                        <a class=\"inventaire-listing-link\" href=\"https:\/\/poiriermarine.com\/en\/inventory\/holiday-162-ws-max-60hp-with-trailer-pictures-to-follow-3\/\"><\/a>\n\n                        <div class=\"blog-single-middle\">\n\n                             \n\n                                <div class=\"inventaire-listing-thumbnail\" style=\"background-image:url('https:\/\/poiriermarine.com\/wp-content\/uploads\/2025\/12\/HOLIDAY-162WS-MAX-NOIR-1.jpg');\">\n\n                                \n                                    <div class=\"listing-status\"><p class=\"\">New<\/p><\/div>\n\n                                \n                                <\/div>\n\n                            \n                            <div class=\"inventaire-listing-content\">\n\n                                <div class=\"inventaire-listing-title\">\n\n                                    <p>Holiday 162 WS MAX, 60hp, with trailer Pictures to follow<\/p>\n\n                                <\/div>\n\n                                <div class=\"inventaire-listing-annee-sku\">2026 \/ 29688<\/div>\n\n                                <div class=\"inventaire-listing-prix\"><\/div>\n\n                            <\/div>\n\n                        <\/div>\n\n                    <\/div>\n\n                <\/article>\n\n                \n                <article id=\"post-9530\" class=\"post-9530 inventaire type-inventaire status-publish hentry etat-new etat-new-arrival marque-princecraft-en categorie-fishing-boats\" data-postid=\"9530\">\n\n                    <div class=\"inventaire-article-inner\">\n\n                        <a class=\"inventaire-listing-link\" href=\"https:\/\/poiriermarine.com\/en\/inventory\/holiday-162-ws-max-60hp-with-trailer-pictures-to-follow-2\/\"><\/a>\n\n                        <div class=\"blog-single-middle\">\n\n                             \n\n                                <div class=\"inventaire-listing-thumbnail\" style=\"background-image:url('https:\/\/poiriermarine.com\/wp-content\/uploads\/2025\/12\/HOLIDAY-162WS-MAX-NOIR-1.jpg');\">\n\n                                \n                                    <div class=\"listing-status\"><p class=\"\">New<\/p><\/div>\n\n                                \n                                <\/div>\n\n                            \n                            <div class=\"inventaire-listing-content\">\n\n                                <div class=\"inventaire-listing-title\">\n\n                                    <p>Holiday 162 WS MAX, 60hp,  with trailer. Pictures to follow<\/p>\n\n                                <\/div>\n\n                                <div class=\"inventaire-listing-annee-sku\">2026 \/ 29685<\/div>\n\n                                <div class=\"inventaire-listing-prix\"><\/div>\n\n                            <\/div>\n\n                        <\/div>\n\n                    <\/div>\n\n                <\/article>\n\n                \n        <\/div>\n\n    <\/div>\n\n<\/div>\n\n    <\/div>[\/vc_column][\/vc_row]<\/p>\n<\/div>","protected":false},"excerpt":{"rendered":"<p>[vc_row type=&#8221;in_grid&#8221; el_class=&#8221;padding-100&#8243;][vc_column][vc_column_text] Bateaux de plaisance [\/vc_column_text][\/vc_column][\/vc_row][vc_row type=&#8221;in_grid&#8221; el_class=&#8221;padding-b-100&#8243;][vc_column width=&#8221;1\/2&#8243;][vc_single_image image=&#8221;1131&#8243; img_size=&#8221;full&#8221; css_animation=&#8221;fadeInUp&#8221;][\/vc_column][vc_column width=&#8221;1\/2&#8243;][vc_column_text] Libert\u00e9 et sensations fortes ! De tailles variables, ces bateaux de plaisance ont \u00e9t\u00e9 sp\u00e9cialement pens\u00e9s et con\u00e7us pour les amateurs de loisir. D\u00e9couvrez le nautisme de plaisance et la passion de naviguer. Offrant \u00e0 la fois s\u00e9curit\u00e9 et performance, les [&hellip;]<\/p>\n","protected":false},"author":1,"featured_media":0,"parent":0,"menu_order":0,"comment_status":"closed","ping_status":"closed","template":"","meta":{"_acf_changed":false,"footnotes":""},"class_list":["post-807","page","type-page","status-publish","hentry"],"acf":[],"yoast_head":"<!-- This site is optimized with the Yoast SEO plugin v27.3 - https:\/\/yoast.com\/product\/yoast-seo-wordpress\/ -->\n<title>Pleasure boats &#8211; Marine Poirier Masson Thurso Gatineau<\/title>\n<meta name=\"robots\" content=\"index, follow, max-snippet:-1, max-image-preview:large, max-video-preview:-1\" \/>\n<link rel=\"canonical\" href=\"https:\/\/poiriermarine.com\/bateaux-de-plaisance\/\" \/>\n<meta property=\"og:locale\" content=\"en_US\" \/>\n<meta property=\"og:type\" content=\"article\" \/>\n<meta property=\"og:title\" content=\"Pleasure boats &#8211; Marine Poirier Masson Thurso Gatineau\" \/>\n<meta property=\"og:description\" content=\"[vc_row type=&#8221;in_grid&#8221; el_class=&#8221;padding-100&#8243;][vc_column][vc_column_text] Bateaux de plaisance [\/vc_column_text][\/vc_column][\/vc_row][vc_row type=&#8221;in_grid&#8221; el_class=&#8221;padding-b-100&#8243;][vc_column width=&#8221;1\/2&#8243;][vc_single_image image=&#8221;1131&#8243; img_size=&#8221;full&#8221; css_animation=&#8221;fadeInUp&#8221;][\/vc_column][vc_column width=&#8221;1\/2&#8243;][vc_column_text] Libert\u00e9 et sensations fortes ! De tailles variables, ces bateaux de plaisance ont \u00e9t\u00e9 sp\u00e9cialement pens\u00e9s et con\u00e7us pour les amateurs de loisir. D\u00e9couvrez le nautisme de plaisance et la passion de naviguer. Offrant \u00e0 la fois s\u00e9curit\u00e9 et performance, les [&hellip;]\" \/>\n<meta property=\"og:url\" content=\"https:\/\/poiriermarine.com\/bateaux-de-plaisance\/\" \/>\n<meta property=\"og:site_name\" content=\"Marine Poirier Masson Thurso Gatineau\" \/>\n<meta property=\"article:modified_time\" content=\"2024-07-03T17:11:12+00:00\" \/>\n<meta name=\"twitter:card\" content=\"summary_large_image\" \/>\n<meta name=\"twitter:label1\" content=\"Est. reading time\" \/>\n\t<meta name=\"twitter:data1\" content=\"1 minute\" \/>\n<script type=\"application\/ld+json\" class=\"yoast-schema-graph\">{\"@context\":\"https:\\\/\\\/schema.org\",\"@graph\":[{\"@type\":\"WebPage\",\"@id\":\"https:\\\/\\\/poiriermarine.com\\\/bateaux-de-plaisance\\\/\",\"url\":\"https:\\\/\\\/poiriermarine.com\\\/bateaux-de-plaisance\\\/\",\"name\":\"Pleasure boats &#8211; Marine Poirier Masson Thurso Gatineau\",\"isPartOf\":{\"@id\":\"https:\\\/\\\/poiriermarine.com\\\/#website\"},\"datePublished\":\"2021-09-02T20:07:35+00:00\",\"dateModified\":\"2024-07-03T17:11:12+00:00\",\"breadcrumb\":{\"@id\":\"https:\\\/\\\/poiriermarine.com\\\/bateaux-de-plaisance\\\/#breadcrumb\"},\"inLanguage\":\"en-US\",\"potentialAction\":[{\"@type\":\"ReadAction\",\"target\":[\"https:\\\/\\\/poiriermarine.com\\\/bateaux-de-plaisance\\\/\"]}]},{\"@type\":\"BreadcrumbList\",\"@id\":\"https:\\\/\\\/poiriermarine.com\\\/bateaux-de-plaisance\\\/#breadcrumb\",\"itemListElement\":[{\"@type\":\"ListItem\",\"position\":1,\"name\":\"Accueil\",\"item\":\"https:\\\/\\\/poiriermarine.com\\\/en\\\/\"},{\"@type\":\"ListItem\",\"position\":2,\"name\":\"Pleasure boats\"}]},{\"@type\":\"WebSite\",\"@id\":\"https:\\\/\\\/poiriermarine.com\\\/#website\",\"url\":\"https:\\\/\\\/poiriermarine.com\\\/\",\"name\":\"Marine Poirier Masson Thurso Gatineau\",\"description\":\"Just another WordPress site\",\"potentialAction\":[{\"@type\":\"SearchAction\",\"target\":{\"@type\":\"EntryPoint\",\"urlTemplate\":\"https:\\\/\\\/poiriermarine.com\\\/?s={search_term_string}\"},\"query-input\":{\"@type\":\"PropertyValueSpecification\",\"valueRequired\":true,\"valueName\":\"search_term_string\"}}],\"inLanguage\":\"en-US\"}]}<\/script>\n<!-- \/ Yoast SEO plugin. -->","yoast_head_json":{"title":"Pleasure boats &#8211; Marine Poirier Masson Thurso Gatineau","robots":{"index":"index","follow":"follow","max-snippet":"max-snippet:-1","max-image-preview":"max-image-preview:large","max-video-preview":"max-video-preview:-1"},"canonical":"https:\/\/poiriermarine.com\/bateaux-de-plaisance\/","og_locale":"en_US","og_type":"article","og_title":"Pleasure boats &#8211; Marine Poirier Masson Thurso Gatineau","og_description":"[vc_row type=&#8221;in_grid&#8221; el_class=&#8221;padding-100&#8243;][vc_column][vc_column_text] Bateaux de plaisance [\/vc_column_text][\/vc_column][\/vc_row][vc_row type=&#8221;in_grid&#8221; el_class=&#8221;padding-b-100&#8243;][vc_column width=&#8221;1\/2&#8243;][vc_single_image image=&#8221;1131&#8243; img_size=&#8221;full&#8221; css_animation=&#8221;fadeInUp&#8221;][\/vc_column][vc_column width=&#8221;1\/2&#8243;][vc_column_text] Libert\u00e9 et sensations fortes ! De tailles variables, ces bateaux de plaisance ont \u00e9t\u00e9 sp\u00e9cialement pens\u00e9s et con\u00e7us pour les amateurs de loisir. D\u00e9couvrez le nautisme de plaisance et la passion de naviguer. Offrant \u00e0 la fois s\u00e9curit\u00e9 et performance, les [&hellip;]","og_url":"https:\/\/poiriermarine.com\/bateaux-de-plaisance\/","og_site_name":"Marine Poirier Masson Thurso Gatineau","article_modified_time":"2024-07-03T17:11:12+00:00","twitter_card":"summary_large_image","twitter_misc":{"Est. reading time":"1 minute"},"schema":{"@context":"https:\/\/schema.org","@graph":[{"@type":"WebPage","@id":"https:\/\/poiriermarine.com\/bateaux-de-plaisance\/","url":"https:\/\/poiriermarine.com\/bateaux-de-plaisance\/","name":"Pleasure boats &#8211; Marine Poirier Masson Thurso Gatineau","isPartOf":{"@id":"https:\/\/poiriermarine.com\/#website"},"datePublished":"2021-09-02T20:07:35+00:00","dateModified":"2024-07-03T17:11:12+00:00","breadcrumb":{"@id":"https:\/\/poiriermarine.com\/bateaux-de-plaisance\/#breadcrumb"},"inLanguage":"en-US","potentialAction":[{"@type":"ReadAction","target":["https:\/\/poiriermarine.com\/bateaux-de-plaisance\/"]}]},{"@type":"BreadcrumbList","@id":"https:\/\/poiriermarine.com\/bateaux-de-plaisance\/#breadcrumb","itemListElement":[{"@type":"ListItem","position":1,"name":"Accueil","item":"https:\/\/poiriermarine.com\/en\/"},{"@type":"ListItem","position":2,"name":"Pleasure boats"}]},{"@type":"WebSite","@id":"https:\/\/poiriermarine.com\/#website","url":"https:\/\/poiriermarine.com\/","name":"Marine Poirier Masson Thurso Gatineau","description":"Just another WordPress site","potentialAction":[{"@type":"SearchAction","target":{"@type":"EntryPoint","urlTemplate":"https:\/\/poiriermarine.com\/?s={search_term_string}"},"query-input":{"@type":"PropertyValueSpecification","valueRequired":true,"valueName":"search_term_string"}}],"inLanguage":"en-US"}]}},"_links":{"self":[{"href":"https:\/\/poiriermarine.com\/en\/wp-json\/wp\/v2\/pages\/807","targetHints":{"allow":["GET"]}}],"collection":[{"href":"https:\/\/poiriermarine.com\/en\/wp-json\/wp\/v2\/pages"}],"about":[{"href":"https:\/\/poiriermarine.com\/en\/wp-json\/wp\/v2\/types\/page"}],"author":[{"embeddable":true,"href":"https:\/\/poiriermarine.com\/en\/wp-json\/wp\/v2\/users\/1"}],"replies":[{"embeddable":true,"href":"https:\/\/poiriermarine.com\/en\/wp-json\/wp\/v2\/comments?post=807"}],"version-history":[{"count":12,"href":"https:\/\/poiriermarine.com\/en\/wp-json\/wp\/v2\/pages\/807\/revisions"}],"predecessor-version":[{"id":7323,"href":"https:\/\/poiriermarine.com\/en\/wp-json\/wp\/v2\/pages\/807\/revisions\/7323"}],"wp:attachment":[{"href":"https:\/\/poiriermarine.com\/en\/wp-json\/wp\/v2\/media?parent=807"}],"curies":[{"name":"wp","href":"https:\/\/api.w.org\/{rel}","templated":true}]}}