{"id":825,"date":"2021-09-02T16:11:30","date_gmt":"2021-09-02T20:11:30","guid":{"rendered":"http:\/\/poiriermarine.com\/chaloupe\/"},"modified":"2024-07-03T13:11:16","modified_gmt":"2024-07-03T17:11:16","slug":"rowboat","status":"publish","type":"page","link":"https:\/\/poiriermarine.com\/en\/rowboat\/","title":{"rendered":"Rowboat"},"content":{"rendered":"<div class=\"wpb-content-wrapper\"><p>[vc_row type=&#8221;in_grid&#8221; el_class=&#8221;padding-100&#8243;][vc_column][vc_column_text]<\/p>\n<h1>Chaloupe<\/h1>\n<p>[\/vc_column_text][\/vc_column][\/vc_row][vc_row type=&#8221;in_grid&#8221; el_class=&#8221;padding-b-100&#8243;][vc_column width=&#8221;1\/2&#8243;][vc_single_image image=&#8221;1138&#8243; img_size=&#8221;full&#8221; css_animation=&#8221;bounceInUp&#8221;][\/vc_column][vc_column width=&#8221;1\/2&#8243;][vc_column_text]<\/p>\n<h2>Une canne \u00e0 p\u00eache, un cours d&#8217;eau et une chaloupe!<\/h2>\n<p>Tout ce qu\u2019il y a de plus simple, mais qui procure le plus grand bien! Ne sentez-vous pas d\u00e9j\u00e0 votre ligne fr\u00e9mir sous l&#8217;effet des clapotis de l&#8217;eau? \u00c7a mord! Vous ne pourrez plus vous passer des chaloupes en aluminium de Princecraft.<\/p>\n<p><strong>Avantages des embarcations en aluminium<\/strong><\/p>\n<p>L&#8217;un des avantages de l&#8217;aluminium est sa l\u00e9g\u00e8ret\u00e9 \u00e9tonnante en plus de sa long\u00e9vit\u00e9 encore in\u00e9gal\u00e9e; il n\u2019est pas surprenant de voir une embarcation en aluminium sur l\u2019eau plus de 25 ans apr\u00e8s sa fabrication. De plus, peu d&#8217;entretien est n\u00e9cessaire. Nos embarcations en aluminium sont durables, l\u00e9g\u00e8res et extr\u00eamement r\u00e9sistantes.<\/p>\n<p>Notre \u00e9quipe est l\u00e0 pour vous proposer une gamme impressionnante de chaloupes en aluminium, que vous soyez professionnel ou amateur de p\u00eache sportive.[\/vc_column_text][\/vc_column][\/vc_row][vc_row type=&#8221;in_grid&#8221; el_class=&#8221;padding-b-100&#8243;][vc_column][vc_column_text]<\/p>\n<h3>See our inventory<\/h3>\n<p>[\/vc_column_text]<div class=\"dist-shortcode-container wpb_content_element\">\n\n\n    <div class=\"blog-listing-holder blog-col-count-4 listing-shortcode-row\">\n\n        <div class=\"container\">\n\n            <div class=\"blog-listing-inner\">\n\n                \n                <article id=\"post-9681\" class=\"post-9681 inventaire type-inventaire status-publish hentry etat-demo marque-princecraft-en categorie-fishing-boats categorie-pleasure-boats\" data-postid=\"9681\">\n\n                    <div class=\"inventaire-article-inner\">\n\n                        <a class=\"inventaire-listing-link\" href=\"https:\/\/poiriermarine.com\/en\/inventory\/2025-demo-sport-175-max-115proxs\/\"><\/a>\n\n                        <div class=\"blog-single-middle\">\n\n                             \n\n                                <div class=\"inventaire-listing-thumbnail\" style=\"background-image:url('https:\/\/poiriermarine.com\/wp-content\/uploads\/2026\/03\/1000015033-300x135-1.jpg');\">\n\n                                \n                                    <div class=\"listing-status\"><p class=\"\">For sale<\/p><\/div>\n\n                                \n                                <\/div>\n\n                            \n                            <div class=\"inventaire-listing-content\">\n\n                                <div class=\"inventaire-listing-title\">\n\n                                    <p>2025 Demo Sport 175 Max, 115ProXS<\/p>\n\n                                <\/div>\n\n                                <div class=\"inventaire-listing-annee-sku\">2025 \/ 29396<\/div>\n\n                                <div class=\"inventaire-listing-prix\">Princeecraft rebate applicable $<\/div>\n\n                            <\/div>\n\n                        <\/div>\n\n                    <\/div>\n\n                <\/article>\n\n                \n                <article id=\"post-9658\" class=\"post-9658 inventaire type-inventaire status-publish hentry etat-new marque-princecraft-en categorie-fishing-boats\" data-postid=\"9658\">\n\n                    <div class=\"inventaire-article-inner\">\n\n                        <a class=\"inventaire-listing-link\" href=\"https:\/\/poiriermarine.com\/en\/inventory\/2025-hudson-19-ws-150-pro-xs\/\"><\/a>\n\n                        <div class=\"blog-single-middle\">\n\n                             \n\n                                <div class=\"inventaire-listing-thumbnail\" style=\"background-image:url('https:\/\/poiriermarine.com\/wp-content\/uploads\/2026\/03\/1000013142-1-300x135-1.jpg');\">\n\n                                \n                                    <div class=\"listing-status\"><p class=\"\">For sale<\/p><\/div>\n\n                                \n                                <\/div>\n\n                            \n                            <div class=\"inventaire-listing-content\">\n\n                                <div class=\"inventaire-listing-title\">\n\n                                    <p>2025 Hudson 19  WS, 150 Pro XS<\/p>\n\n                                <\/div>\n\n                                <div class=\"inventaire-listing-annee-sku\">2025 \/ 29534<\/div>\n\n                                <div class=\"inventaire-listing-prix\"><\/div>\n\n                            <\/div>\n\n                        <\/div>\n\n                    <\/div>\n\n                <\/article>\n\n                \n                <article id=\"post-9538\" class=\"post-9538 inventaire type-inventaire status-publish hentry etat-new marque-princecraft-en categorie-fishing-boats\" data-postid=\"9538\">\n\n                    <div class=\"inventaire-article-inner\">\n\n                        <a class=\"inventaire-listing-link\" href=\"https:\/\/poiriermarine.com\/en\/inventory\/amarok-166-ws-75hp-with-trailer-pictures-to-follow\/\"><\/a>\n\n                        <div class=\"blog-single-middle\">\n\n                             \n\n                                <div class=\"inventaire-listing-thumbnail\" style=\"background-image:url('https:\/\/poiriermarine.com\/wp-content\/uploads\/2025\/12\/AMAROK-166-WS-NOIR.jpg');\">\n\n                                \n                                    <div class=\"listing-status\"><p class=\"\">New<\/p><\/div>\n\n                                \n                                <\/div>\n\n                            \n                            <div class=\"inventaire-listing-content\">\n\n                                <div class=\"inventaire-listing-title\">\n\n                                    <p>2026   Amarok 166 WS, 75hp,  with trailer. Pictures to follow<\/p>\n\n                                <\/div>\n\n                                <div class=\"inventaire-listing-annee-sku\">2026 \/ 29706<\/div>\n\n                                <div class=\"inventaire-listing-prix\"><\/div>\n\n                            <\/div>\n\n                        <\/div>\n\n                    <\/div>\n\n                <\/article>\n\n                \n                <article id=\"post-9537\" class=\"post-9537 inventaire type-inventaire status-publish hentry etat-new etat-new-arrival marque-princecraft-en categorie-fishing-boats\" data-postid=\"9537\">\n\n                    <div class=\"inventaire-article-inner\">\n\n                        <a class=\"inventaire-listing-link\" href=\"https:\/\/poiriermarine.com\/en\/inventory\/amarok-166-ws-60hp-with-trailer-pictures-to-follow\/\"><\/a>\n\n                        <div class=\"blog-single-middle\">\n\n                             \n\n                                <div class=\"inventaire-listing-thumbnail\" style=\"background-image:url('https:\/\/poiriermarine.com\/wp-content\/uploads\/2025\/12\/AMAROK-166WS-NOIR.jpg');\">\n\n                                \n                                    <div class=\"listing-status\"><p class=\"\">New<\/p><\/div>\n\n                                \n                                <\/div>\n\n                            \n                            <div class=\"inventaire-listing-content\">\n\n                                <div class=\"inventaire-listing-title\">\n\n                                    <p>2026   Amarok 166 WS, 60hp,  with trailer. Pictures to follow<\/p>\n\n                                <\/div>\n\n                                <div class=\"inventaire-listing-annee-sku\">2026 \/ 29703<\/div>\n\n                                <div class=\"inventaire-listing-prix\"><\/div>\n\n                            <\/div>\n\n                        <\/div>\n\n                    <\/div>\n\n                <\/article>\n\n                \n                <article id=\"post-9536\" class=\"post-9536 inventaire type-inventaire status-publish hentry etat-new etat-new-arrival marque-princecraft-en categorie-fishing-boats\" data-postid=\"9536\">\n\n                    <div class=\"inventaire-article-inner\">\n\n                        <a class=\"inventaire-listing-link\" href=\"https:\/\/poiriermarine.com\/en\/inventory\/holiday-162-sc-max-60hp-with-trailer-pictures-to-follow\/\"><\/a>\n\n                        <div class=\"blog-single-middle\">\n\n                             \n\n                                <div class=\"inventaire-listing-thumbnail\" style=\"background-image:url('https:\/\/poiriermarine.com\/wp-content\/uploads\/2025\/12\/HOLIDAY-162SC-MAX-NOIR-1.jpg');\">\n\n                                \n                                    <div class=\"listing-status\"><p class=\"\">New<\/p><\/div>\n\n                                \n                                <\/div>\n\n                            \n                            <div class=\"inventaire-listing-content\">\n\n                                <div class=\"inventaire-listing-title\">\n\n                                    <p>Holiday 162 SC MAX, 60hp,  with trailer. Pictures to follow<\/p>\n\n                                <\/div>\n\n                                <div class=\"inventaire-listing-annee-sku\">2026 \/ 29700<\/div>\n\n                                <div class=\"inventaire-listing-prix\"><\/div>\n\n                            <\/div>\n\n                        <\/div>\n\n                    <\/div>\n\n                <\/article>\n\n                \n                <article id=\"post-9534\" class=\"post-9534 inventaire type-inventaire status-publish hentry etat-new etat-new-arrival marque-princecraft-en categorie-fishing-boats\" data-postid=\"9534\">\n\n                    <div class=\"inventaire-article-inner\">\n\n                        <a class=\"inventaire-listing-link\" href=\"https:\/\/poiriermarine.com\/en\/inventory\/holiday-162-ws-max-60hp-with-trailer-pictures-to-follow-6\/\"><\/a>\n\n                        <div class=\"blog-single-middle\">\n\n                             \n\n                                <div class=\"inventaire-listing-thumbnail\" style=\"background-image:url('https:\/\/poiriermarine.com\/wp-content\/uploads\/2025\/12\/HOLIDAY-162WS-MAX-NOIR.jpg');\">\n\n                                \n                                    <div class=\"listing-status\"><p class=\"\">New<\/p><\/div>\n\n                                \n                                <\/div>\n\n                            \n                            <div class=\"inventaire-listing-content\">\n\n                                <div class=\"inventaire-listing-title\">\n\n                                    <p>Holiday 162 WS MAX, 60hp,  with trailer. Pictures to follow<\/p>\n\n                                <\/div>\n\n                                <div class=\"inventaire-listing-annee-sku\">2026 \/ 29697<\/div>\n\n                                <div class=\"inventaire-listing-prix\"><\/div>\n\n                            <\/div>\n\n                        <\/div>\n\n                    <\/div>\n\n                <\/article>\n\n                \n                <article id=\"post-9533\" class=\"post-9533 inventaire type-inventaire status-publish hentry etat-new etat-new-arrival marque-princecraft-en categorie-fishing-boats\" data-postid=\"9533\">\n\n                    <div class=\"inventaire-article-inner\">\n\n                        <a class=\"inventaire-listing-link\" href=\"https:\/\/poiriermarine.com\/en\/inventory\/holiday-162-ws-max-60hp-with-trailer-pictures-to-follow-5\/\"><\/a>\n\n                        <div class=\"blog-single-middle\">\n\n                             \n\n                                <div class=\"inventaire-listing-thumbnail\" style=\"background-image:url('https:\/\/poiriermarine.com\/wp-content\/uploads\/2025\/12\/HOLIDAY-162-WS-BLEU.jpg');\">\n\n                                \n                                    <div class=\"listing-status\"><p class=\"\">New<\/p><\/div>\n\n                                \n                                <\/div>\n\n                            \n                            <div class=\"inventaire-listing-content\">\n\n                                <div class=\"inventaire-listing-title\">\n\n                                    <p>Holiday 162 WS MAX, 60hp, with trailer.  Pictures to follow<\/p>\n\n                                <\/div>\n\n                                <div class=\"inventaire-listing-annee-sku\">2026 \/ 29694<\/div>\n\n                                <div class=\"inventaire-listing-prix\"><\/div>\n\n                            <\/div>\n\n                        <\/div>\n\n                    <\/div>\n\n                <\/article>\n\n                \n                <article id=\"post-9532\" class=\"post-9532 inventaire type-inventaire status-publish hentry etat-new etat-new-arrival marque-princecraft-en categorie-fishing-boats\" data-postid=\"9532\">\n\n                    <div class=\"inventaire-article-inner\">\n\n                        <a class=\"inventaire-listing-link\" href=\"https:\/\/poiriermarine.com\/en\/inventory\/holiday-162-ws-max-60hp-with-trailer-pictures-to-follow-4\/\"><\/a>\n\n                        <div class=\"blog-single-middle\">\n\n                             \n\n                                <div class=\"inventaire-listing-thumbnail\" style=\"background-image:url('https:\/\/poiriermarine.com\/wp-content\/uploads\/2025\/12\/HOLIDAY-162-WS-BLEU.jpg');\">\n\n                                \n                                    <div class=\"listing-status\"><p class=\"\">New<\/p><\/div>\n\n                                \n                                <\/div>\n\n                            \n                            <div class=\"inventaire-listing-content\">\n\n                                <div class=\"inventaire-listing-title\">\n\n                                    <p>Holiday 162 WS MAX, 60hp,  with trailer.  Pictures to follow<\/p>\n\n                                <\/div>\n\n                                <div class=\"inventaire-listing-annee-sku\">2026 \/ 29691<\/div>\n\n                                <div class=\"inventaire-listing-prix\"><\/div>\n\n                            <\/div>\n\n                        <\/div>\n\n                    <\/div>\n\n                <\/article>\n\n                \n                <article id=\"post-9531\" class=\"post-9531 inventaire type-inventaire status-publish hentry etat-new etat-new-arrival marque-princecraft-en categorie-fishing-boats\" data-postid=\"9531\">\n\n                    <div class=\"inventaire-article-inner\">\n\n                        <a class=\"inventaire-listing-link\" href=\"https:\/\/poiriermarine.com\/en\/inventory\/holiday-162-ws-max-60hp-with-trailer-pictures-to-follow-3\/\"><\/a>\n\n                        <div class=\"blog-single-middle\">\n\n                             \n\n                                <div class=\"inventaire-listing-thumbnail\" style=\"background-image:url('https:\/\/poiriermarine.com\/wp-content\/uploads\/2025\/12\/HOLIDAY-162WS-MAX-NOIR-1.jpg');\">\n\n                                \n                                    <div class=\"listing-status\"><p class=\"\">New<\/p><\/div>\n\n                                \n                                <\/div>\n\n                            \n                            <div class=\"inventaire-listing-content\">\n\n                                <div class=\"inventaire-listing-title\">\n\n                                    <p>Holiday 162 WS MAX, 60hp, with trailer Pictures to follow<\/p>\n\n                                <\/div>\n\n                                <div class=\"inventaire-listing-annee-sku\">2026 \/ 29688<\/div>\n\n                                <div class=\"inventaire-listing-prix\"><\/div>\n\n                            <\/div>\n\n                        <\/div>\n\n                    <\/div>\n\n                <\/article>\n\n                \n                <article id=\"post-9530\" class=\"post-9530 inventaire type-inventaire status-publish hentry etat-new etat-new-arrival marque-princecraft-en categorie-fishing-boats\" data-postid=\"9530\">\n\n                    <div class=\"inventaire-article-inner\">\n\n                        <a class=\"inventaire-listing-link\" href=\"https:\/\/poiriermarine.com\/en\/inventory\/holiday-162-ws-max-60hp-with-trailer-pictures-to-follow-2\/\"><\/a>\n\n                        <div class=\"blog-single-middle\">\n\n                             \n\n                                <div class=\"inventaire-listing-thumbnail\" style=\"background-image:url('https:\/\/poiriermarine.com\/wp-content\/uploads\/2025\/12\/HOLIDAY-162WS-MAX-NOIR-1.jpg');\">\n\n                                \n                                    <div class=\"listing-status\"><p class=\"\">New<\/p><\/div>\n\n                                \n                                <\/div>\n\n                            \n                            <div class=\"inventaire-listing-content\">\n\n                                <div class=\"inventaire-listing-title\">\n\n                                    <p>Holiday 162 WS MAX, 60hp,  with trailer. Pictures to follow<\/p>\n\n                                <\/div>\n\n                                <div class=\"inventaire-listing-annee-sku\">2026 \/ 29685<\/div>\n\n                                <div class=\"inventaire-listing-prix\"><\/div>\n\n                            <\/div>\n\n                        <\/div>\n\n                    <\/div>\n\n                <\/article>\n\n                \n        <\/div>\n\n    <\/div>\n\n<\/div>\n\n    <\/div>[\/vc_column][\/vc_row]<\/p>\n<\/div>","protected":false},"excerpt":{"rendered":"<p>[vc_row type=&#8221;in_grid&#8221; el_class=&#8221;padding-100&#8243;][vc_column][vc_column_text] Chaloupe [\/vc_column_text][\/vc_column][\/vc_row][vc_row type=&#8221;in_grid&#8221; el_class=&#8221;padding-b-100&#8243;][vc_column width=&#8221;1\/2&#8243;][vc_single_image image=&#8221;1138&#8243; img_size=&#8221;full&#8221; css_animation=&#8221;bounceInUp&#8221;][\/vc_column][vc_column width=&#8221;1\/2&#8243;][vc_column_text] Une canne \u00e0 p\u00eache, un cours d&#8217;eau et une chaloupe! Tout ce qu\u2019il y a de plus simple, mais qui procure le plus grand bien! Ne sentez-vous pas d\u00e9j\u00e0 votre ligne fr\u00e9mir sous l&#8217;effet des clapotis de l&#8217;eau? \u00c7a mord! Vous ne pourrez [&hellip;]<\/p>\n","protected":false},"author":1,"featured_media":0,"parent":0,"menu_order":0,"comment_status":"closed","ping_status":"closed","template":"","meta":{"_acf_changed":false,"footnotes":""},"class_list":["post-825","page","type-page","status-publish","hentry"],"acf":[],"yoast_head":"<!-- This site is optimized with the Yoast SEO plugin v27.3 - https:\/\/yoast.com\/product\/yoast-seo-wordpress\/ -->\n<title>Rowboat &#8211; Marine Poirier Masson Thurso Gatineau<\/title>\n<meta name=\"robots\" content=\"index, follow, max-snippet:-1, max-image-preview:large, max-video-preview:-1\" \/>\n<link rel=\"canonical\" href=\"https:\/\/poiriermarine.com\/chaloupe\/\" \/>\n<meta property=\"og:locale\" content=\"en_US\" \/>\n<meta property=\"og:type\" content=\"article\" \/>\n<meta property=\"og:title\" content=\"Rowboat &#8211; Marine Poirier Masson Thurso Gatineau\" \/>\n<meta property=\"og:description\" content=\"[vc_row type=&#8221;in_grid&#8221; el_class=&#8221;padding-100&#8243;][vc_column][vc_column_text] Chaloupe [\/vc_column_text][\/vc_column][\/vc_row][vc_row type=&#8221;in_grid&#8221; el_class=&#8221;padding-b-100&#8243;][vc_column width=&#8221;1\/2&#8243;][vc_single_image image=&#8221;1138&#8243; img_size=&#8221;full&#8221; css_animation=&#8221;bounceInUp&#8221;][\/vc_column][vc_column width=&#8221;1\/2&#8243;][vc_column_text] Une canne \u00e0 p\u00eache, un cours d&#8217;eau et une chaloupe! Tout ce qu\u2019il y a de plus simple, mais qui procure le plus grand bien! Ne sentez-vous pas d\u00e9j\u00e0 votre ligne fr\u00e9mir sous l&#8217;effet des clapotis de l&#8217;eau? \u00c7a mord! Vous ne pourrez [&hellip;]\" \/>\n<meta property=\"og:url\" content=\"https:\/\/poiriermarine.com\/chaloupe\/\" \/>\n<meta property=\"og:site_name\" content=\"Marine Poirier Masson Thurso Gatineau\" \/>\n<meta property=\"article:modified_time\" content=\"2024-07-03T17:11:16+00:00\" \/>\n<meta name=\"twitter:card\" content=\"summary_large_image\" \/>\n<meta name=\"twitter:label1\" content=\"Est. reading time\" \/>\n\t<meta name=\"twitter:data1\" content=\"1 minute\" \/>\n<script type=\"application\/ld+json\" class=\"yoast-schema-graph\">{\"@context\":\"https:\\\/\\\/schema.org\",\"@graph\":[{\"@type\":\"WebPage\",\"@id\":\"https:\\\/\\\/poiriermarine.com\\\/chaloupe\\\/\",\"url\":\"https:\\\/\\\/poiriermarine.com\\\/chaloupe\\\/\",\"name\":\"Rowboat &#8211; Marine Poirier Masson Thurso Gatineau\",\"isPartOf\":{\"@id\":\"https:\\\/\\\/poiriermarine.com\\\/#website\"},\"datePublished\":\"2021-09-02T20:11:30+00:00\",\"dateModified\":\"2024-07-03T17:11:16+00:00\",\"breadcrumb\":{\"@id\":\"https:\\\/\\\/poiriermarine.com\\\/chaloupe\\\/#breadcrumb\"},\"inLanguage\":\"en-US\",\"potentialAction\":[{\"@type\":\"ReadAction\",\"target\":[\"https:\\\/\\\/poiriermarine.com\\\/chaloupe\\\/\"]}]},{\"@type\":\"BreadcrumbList\",\"@id\":\"https:\\\/\\\/poiriermarine.com\\\/chaloupe\\\/#breadcrumb\",\"itemListElement\":[{\"@type\":\"ListItem\",\"position\":1,\"name\":\"Accueil\",\"item\":\"https:\\\/\\\/poiriermarine.com\\\/en\\\/\"},{\"@type\":\"ListItem\",\"position\":2,\"name\":\"Rowboat\"}]},{\"@type\":\"WebSite\",\"@id\":\"https:\\\/\\\/poiriermarine.com\\\/#website\",\"url\":\"https:\\\/\\\/poiriermarine.com\\\/\",\"name\":\"Marine Poirier Masson Thurso Gatineau\",\"description\":\"Just another WordPress site\",\"potentialAction\":[{\"@type\":\"SearchAction\",\"target\":{\"@type\":\"EntryPoint\",\"urlTemplate\":\"https:\\\/\\\/poiriermarine.com\\\/?s={search_term_string}\"},\"query-input\":{\"@type\":\"PropertyValueSpecification\",\"valueRequired\":true,\"valueName\":\"search_term_string\"}}],\"inLanguage\":\"en-US\"}]}<\/script>\n<!-- \/ Yoast SEO plugin. -->","yoast_head_json":{"title":"Rowboat &#8211; Marine Poirier Masson Thurso Gatineau","robots":{"index":"index","follow":"follow","max-snippet":"max-snippet:-1","max-image-preview":"max-image-preview:large","max-video-preview":"max-video-preview:-1"},"canonical":"https:\/\/poiriermarine.com\/chaloupe\/","og_locale":"en_US","og_type":"article","og_title":"Rowboat &#8211; Marine Poirier Masson Thurso Gatineau","og_description":"[vc_row type=&#8221;in_grid&#8221; el_class=&#8221;padding-100&#8243;][vc_column][vc_column_text] Chaloupe [\/vc_column_text][\/vc_column][\/vc_row][vc_row type=&#8221;in_grid&#8221; el_class=&#8221;padding-b-100&#8243;][vc_column width=&#8221;1\/2&#8243;][vc_single_image image=&#8221;1138&#8243; img_size=&#8221;full&#8221; css_animation=&#8221;bounceInUp&#8221;][\/vc_column][vc_column width=&#8221;1\/2&#8243;][vc_column_text] Une canne \u00e0 p\u00eache, un cours d&#8217;eau et une chaloupe! Tout ce qu\u2019il y a de plus simple, mais qui procure le plus grand bien! Ne sentez-vous pas d\u00e9j\u00e0 votre ligne fr\u00e9mir sous l&#8217;effet des clapotis de l&#8217;eau? \u00c7a mord! Vous ne pourrez [&hellip;]","og_url":"https:\/\/poiriermarine.com\/chaloupe\/","og_site_name":"Marine Poirier Masson Thurso Gatineau","article_modified_time":"2024-07-03T17:11:16+00:00","twitter_card":"summary_large_image","twitter_misc":{"Est. reading time":"1 minute"},"schema":{"@context":"https:\/\/schema.org","@graph":[{"@type":"WebPage","@id":"https:\/\/poiriermarine.com\/chaloupe\/","url":"https:\/\/poiriermarine.com\/chaloupe\/","name":"Rowboat &#8211; Marine Poirier Masson Thurso Gatineau","isPartOf":{"@id":"https:\/\/poiriermarine.com\/#website"},"datePublished":"2021-09-02T20:11:30+00:00","dateModified":"2024-07-03T17:11:16+00:00","breadcrumb":{"@id":"https:\/\/poiriermarine.com\/chaloupe\/#breadcrumb"},"inLanguage":"en-US","potentialAction":[{"@type":"ReadAction","target":["https:\/\/poiriermarine.com\/chaloupe\/"]}]},{"@type":"BreadcrumbList","@id":"https:\/\/poiriermarine.com\/chaloupe\/#breadcrumb","itemListElement":[{"@type":"ListItem","position":1,"name":"Accueil","item":"https:\/\/poiriermarine.com\/en\/"},{"@type":"ListItem","position":2,"name":"Rowboat"}]},{"@type":"WebSite","@id":"https:\/\/poiriermarine.com\/#website","url":"https:\/\/poiriermarine.com\/","name":"Marine Poirier Masson Thurso Gatineau","description":"Just another WordPress site","potentialAction":[{"@type":"SearchAction","target":{"@type":"EntryPoint","urlTemplate":"https:\/\/poiriermarine.com\/?s={search_term_string}"},"query-input":{"@type":"PropertyValueSpecification","valueRequired":true,"valueName":"search_term_string"}}],"inLanguage":"en-US"}]}},"_links":{"self":[{"href":"https:\/\/poiriermarine.com\/en\/wp-json\/wp\/v2\/pages\/825","targetHints":{"allow":["GET"]}}],"collection":[{"href":"https:\/\/poiriermarine.com\/en\/wp-json\/wp\/v2\/pages"}],"about":[{"href":"https:\/\/poiriermarine.com\/en\/wp-json\/wp\/v2\/types\/page"}],"author":[{"embeddable":true,"href":"https:\/\/poiriermarine.com\/en\/wp-json\/wp\/v2\/users\/1"}],"replies":[{"embeddable":true,"href":"https:\/\/poiriermarine.com\/en\/wp-json\/wp\/v2\/comments?post=825"}],"version-history":[{"count":15,"href":"https:\/\/poiriermarine.com\/en\/wp-json\/wp\/v2\/pages\/825\/revisions"}],"predecessor-version":[{"id":7326,"href":"https:\/\/poiriermarine.com\/en\/wp-json\/wp\/v2\/pages\/825\/revisions\/7326"}],"wp:attachment":[{"href":"https:\/\/poiriermarine.com\/en\/wp-json\/wp\/v2\/media?parent=825"}],"curies":[{"name":"wp","href":"https:\/\/api.w.org\/{rel}","templated":true}]}}