{"id":906,"date":"2021-09-02T16:12:34","date_gmt":"2021-09-02T20:12:34","guid":{"rendered":"http:\/\/poiriermarine.com\/moteur\/"},"modified":"2024-07-03T13:10:56","modified_gmt":"2024-07-03T17:10:56","slug":"motor","status":"publish","type":"page","link":"https:\/\/poiriermarine.com\/en\/motor\/","title":{"rendered":"Motors"},"content":{"rendered":"<div class=\"wpb-content-wrapper\"><p>[vc_row type=&#8221;in_grid&#8221; el_class=&#8221;padding-100 moteurs-title-row&#8221;][vc_column][vc_column_text]<\/p>\n<h1>Moteurs de Bateau Mercury<\/h1>\n<p>[\/vc_column_text][vc_column_text]Chez Poirier Marine, en tant que ma\u00eetres techniciens Mercury, nous sommes in\u00e9gal\u00e9s dans la r\u00e9gion pour vous conseiller lors de l&#8217;achat ou l&#8217;entretient de votre moteur de bateau Mercury.[\/vc_column_text][\/vc_column][\/vc_row][vc_row type=&#8221;in_grid&#8221; css=&#8221;.vc_custom_1631305517062{margin-bottom: 50px !important;}&#8221;][vc_column width=&#8221;1\/2&#8243;][vc_column_text]<\/p>\n<h3>Qualit\u00e9, performance, innovation, fiabilit\u00e9.<\/h3>\n<p>[\/vc_column_text][vc_column_text]Personne n\u2019offre une gamme de moteurs hors-bord, plus puissants et plus performants que <a href=\"https:\/\/www.mercurymarine.com\/fr\/ca\/engines\/outboard\/\">Mercury<\/a>. Forts de plusieurs d\u00e9cennies d\u2019innovation et de leadership, les moteurs hors-bord Mercury sont con\u00e7us pour couvrir la distance et offrir des performances l\u00e9gendaires s\u2019appuyant sur une technologie visionnaire.<\/p>\n<p>Mercury Marine est le premier fabricant mondial de moteurs marins. Des produits qui permettent aux gens de partout dans le monde, de jouer et de travailler sur l\u2019eau.<\/p>\n<p>Reconnu comme un leader dans le secteur du d\u00e9veloppement de la technologie des moteurs et des proc\u00e9d\u00e9s de fabrication, Mercury Marine \u00e9tablit de nouvelles normes que l\u2019industrie du nautisme fait avancer : faibles \u00e9missions hors-bord ainsi que syst\u00e8mes de propulsion en-bord et sterndrive. La pr\u00e9servation de l\u2019environnement a toujours fait partie int\u00e9grante de ses pratiques commerciales.[\/vc_column_text][\/vc_column][vc_column width=&#8221;1\/2&#8243;][vc_single_image image=&#8221;1085&#8243; img_size=&#8221;full&#8221;][\/vc_column][\/vc_row][vc_row type=&#8221;in_grid&#8221; css=&#8221;.vc_custom_1631305599031{margin-bottom: 50px !important;}&#8221;][vc_column width=&#8221;1\/2&#8243; el_class=&#8221;vc_col-md-push-6&#8243;][vc_column_text]<\/p>\n<h3>Gardez votre moteur en marche<\/h3>\n<p>[\/vc_column_text][vc_column_text]Lorsque vous faites partie de la famille Mercury, vous trouvez toute l&#8217;aide dont vous avez besoin pour maximiser votre temps sur l&#8217;eau. Avec des garanties en usine non d\u00e9clinantes, des plans de service Mercury Product Protection\u00ae \u00e9tendus, des vid\u00e9os pratiques utiles, un grand r\u00e9seau de revendeurs form\u00e9s en usine et bien plus encore! De tout pour vous aider \u00e0 tirer le meilleur parti de votre moteur Mercury.[\/vc_column_text][\/vc_column][vc_column width=&#8221;1\/2&#8243; el_class=&#8221;vc_col-md-pull-6&#8243;][vc_single_image image=&#8221;1077&#8243; img_size=&#8221;full&#8221;][\/vc_column][\/vc_row][vc_row type=&#8221;in_grid&#8221;][vc_column width=&#8221;1\/2&#8243;][vc_column_text]<\/p>\n<h3>Une relation de longue date entre mercury et poirier marine<\/h3>\n<p>[\/vc_column_text][vc_column_text]L\u2019histoire entre les moteurs Mercury et Poirier Marine remonte \u00e0 plusieurs d\u00e9cennies; ce qui fait de nos experts nautiques et de nos m\u00e9caniciens, des experts plus que qualifi\u00e9s pour ce type de moteur. Nous sommes in\u00e9gal\u00e9s dans la r\u00e9gion pour vous conseiller lors de votre achat de moteur ou pour son entretien. Jean-Louis Poirier, propri\u00e9taire de Poirier Marine, s&#8217;est vu d\u00e9cerner le prix de Ma\u00eetre technicien de Mercury en 2009. Nous ne retrouvons seulement qu\u2019une demi-douzaine de personnes ayant ce titre au Qu\u00e9bec. Encore plus lointain dans l\u2019historique de Poirier Marine, c\u2019est depuis 1963 que nous sommes d\u00e9taillants et techniciens Mercury.[\/vc_column_text][\/vc_column][vc_column width=&#8221;1\/2&#8243;][vc_single_image image=&#8221;1079&#8243; img_size=&#8221;full&#8221;][\/vc_column][\/vc_row][vc_row type=&#8221;in_grid&#8221; el_class=&#8221;padding-100&#8243;][vc_column][vc_column_text]<\/p>\n<h3>Inventory<\/h3>\n<p>[\/vc_column_text]<div class=\"dist-shortcode-container wpb_content_element\">\n\n\n    <div class=\"blog-listing-holder blog-col-count-4 listing-shortcode-row\">\n\n        <div class=\"container\">\n\n            <div class=\"blog-listing-inner\">\n\n                \n                        <p>To see our complete inventory, <a href='\/en\/contact-us\/''>contact us<\/a>.<\/p>\n\n                    \n        <\/div>\n\n    <\/div>\n\n<\/div>\n\n    <\/div>[\/vc_column][\/vc_row]<\/p>\n<\/div>","protected":false},"excerpt":{"rendered":"<p>[vc_row type=&#8221;in_grid&#8221; el_class=&#8221;padding-100 moteurs-title-row&#8221;][vc_column][vc_column_text] Moteurs de Bateau Mercury [\/vc_column_text][vc_column_text]Chez Poirier Marine, en tant que ma\u00eetres techniciens Mercury, nous sommes in\u00e9gal\u00e9s dans la r\u00e9gion pour vous conseiller lors de l&#8217;achat ou l&#8217;entretient de votre moteur de bateau Mercury.[\/vc_column_text][\/vc_column][\/vc_row][vc_row type=&#8221;in_grid&#8221; css=&#8221;.vc_custom_1631305517062{margin-bottom: 50px !important;}&#8221;][vc_column width=&#8221;1\/2&#8243;][vc_column_text] Qualit\u00e9, performance, innovation, fiabilit\u00e9. [\/vc_column_text][vc_column_text]Personne n\u2019offre une gamme de moteurs hors-bord, plus puissants [&hellip;]<\/p>\n","protected":false},"author":1,"featured_media":0,"parent":0,"menu_order":0,"comment_status":"closed","ping_status":"closed","template":"","meta":{"_acf_changed":false,"footnotes":""},"class_list":["post-906","page","type-page","status-publish","hentry"],"acf":[],"yoast_head":"<!-- This site is optimized with the Yoast SEO plugin v27.3 - https:\/\/yoast.com\/product\/yoast-seo-wordpress\/ -->\n<title>Motors &#8211; Marine Poirier Masson Thurso Gatineau<\/title>\n<meta name=\"robots\" content=\"index, follow, max-snippet:-1, max-image-preview:large, max-video-preview:-1\" \/>\n<link rel=\"canonical\" href=\"https:\/\/poiriermarine.com\/moteur\/\" \/>\n<meta property=\"og:locale\" content=\"en_US\" \/>\n<meta property=\"og:type\" content=\"article\" \/>\n<meta property=\"og:title\" content=\"Motors &#8211; Marine Poirier Masson Thurso Gatineau\" \/>\n<meta property=\"og:description\" content=\"[vc_row type=&#8221;in_grid&#8221; el_class=&#8221;padding-100 moteurs-title-row&#8221;][vc_column][vc_column_text] Moteurs de Bateau Mercury [\/vc_column_text][vc_column_text]Chez Poirier Marine, en tant que ma\u00eetres techniciens Mercury, nous sommes in\u00e9gal\u00e9s dans la r\u00e9gion pour vous conseiller lors de l&#8217;achat ou l&#8217;entretient de votre moteur de bateau Mercury.[\/vc_column_text][\/vc_column][\/vc_row][vc_row type=&#8221;in_grid&#8221; css=&#8221;.vc_custom_1631305517062{margin-bottom: 50px !important;}&#8221;][vc_column width=&#8221;1\/2&#8243;][vc_column_text] Qualit\u00e9, performance, innovation, fiabilit\u00e9. [\/vc_column_text][vc_column_text]Personne n\u2019offre une gamme de moteurs hors-bord, plus puissants [&hellip;]\" \/>\n<meta property=\"og:url\" content=\"https:\/\/poiriermarine.com\/moteur\/\" \/>\n<meta property=\"og:site_name\" content=\"Marine Poirier Masson Thurso Gatineau\" \/>\n<meta property=\"article:modified_time\" content=\"2024-07-03T17:10:56+00:00\" \/>\n<meta name=\"twitter:card\" content=\"summary_large_image\" \/>\n<meta name=\"twitter:label1\" content=\"Est. reading time\" \/>\n\t<meta name=\"twitter:data1\" content=\"3 minutes\" \/>\n<script type=\"application\/ld+json\" class=\"yoast-schema-graph\">{\"@context\":\"https:\\\/\\\/schema.org\",\"@graph\":[{\"@type\":\"WebPage\",\"@id\":\"https:\\\/\\\/poiriermarine.com\\\/moteur\\\/\",\"url\":\"https:\\\/\\\/poiriermarine.com\\\/moteur\\\/\",\"name\":\"Motors &#8211; Marine Poirier Masson Thurso Gatineau\",\"isPartOf\":{\"@id\":\"https:\\\/\\\/poiriermarine.com\\\/#website\"},\"datePublished\":\"2021-09-02T20:12:34+00:00\",\"dateModified\":\"2024-07-03T17:10:56+00:00\",\"breadcrumb\":{\"@id\":\"https:\\\/\\\/poiriermarine.com\\\/moteur\\\/#breadcrumb\"},\"inLanguage\":\"en-US\",\"potentialAction\":[{\"@type\":\"ReadAction\",\"target\":[\"https:\\\/\\\/poiriermarine.com\\\/moteur\\\/\"]}]},{\"@type\":\"BreadcrumbList\",\"@id\":\"https:\\\/\\\/poiriermarine.com\\\/moteur\\\/#breadcrumb\",\"itemListElement\":[{\"@type\":\"ListItem\",\"position\":1,\"name\":\"Accueil\",\"item\":\"https:\\\/\\\/poiriermarine.com\\\/en\\\/\"},{\"@type\":\"ListItem\",\"position\":2,\"name\":\"Motors\"}]},{\"@type\":\"WebSite\",\"@id\":\"https:\\\/\\\/poiriermarine.com\\\/#website\",\"url\":\"https:\\\/\\\/poiriermarine.com\\\/\",\"name\":\"Marine Poirier Masson Thurso Gatineau\",\"description\":\"Just another WordPress site\",\"potentialAction\":[{\"@type\":\"SearchAction\",\"target\":{\"@type\":\"EntryPoint\",\"urlTemplate\":\"https:\\\/\\\/poiriermarine.com\\\/?s={search_term_string}\"},\"query-input\":{\"@type\":\"PropertyValueSpecification\",\"valueRequired\":true,\"valueName\":\"search_term_string\"}}],\"inLanguage\":\"en-US\"}]}<\/script>\n<!-- \/ Yoast SEO plugin. -->","yoast_head_json":{"title":"Motors &#8211; Marine Poirier Masson Thurso Gatineau","robots":{"index":"index","follow":"follow","max-snippet":"max-snippet:-1","max-image-preview":"max-image-preview:large","max-video-preview":"max-video-preview:-1"},"canonical":"https:\/\/poiriermarine.com\/moteur\/","og_locale":"en_US","og_type":"article","og_title":"Motors &#8211; Marine Poirier Masson Thurso Gatineau","og_description":"[vc_row type=&#8221;in_grid&#8221; el_class=&#8221;padding-100 moteurs-title-row&#8221;][vc_column][vc_column_text] Moteurs de Bateau Mercury [\/vc_column_text][vc_column_text]Chez Poirier Marine, en tant que ma\u00eetres techniciens Mercury, nous sommes in\u00e9gal\u00e9s dans la r\u00e9gion pour vous conseiller lors de l&#8217;achat ou l&#8217;entretient de votre moteur de bateau Mercury.[\/vc_column_text][\/vc_column][\/vc_row][vc_row type=&#8221;in_grid&#8221; css=&#8221;.vc_custom_1631305517062{margin-bottom: 50px !important;}&#8221;][vc_column width=&#8221;1\/2&#8243;][vc_column_text] Qualit\u00e9, performance, innovation, fiabilit\u00e9. [\/vc_column_text][vc_column_text]Personne n\u2019offre une gamme de moteurs hors-bord, plus puissants [&hellip;]","og_url":"https:\/\/poiriermarine.com\/moteur\/","og_site_name":"Marine Poirier Masson Thurso Gatineau","article_modified_time":"2024-07-03T17:10:56+00:00","twitter_card":"summary_large_image","twitter_misc":{"Est. reading time":"3 minutes"},"schema":{"@context":"https:\/\/schema.org","@graph":[{"@type":"WebPage","@id":"https:\/\/poiriermarine.com\/moteur\/","url":"https:\/\/poiriermarine.com\/moteur\/","name":"Motors &#8211; Marine Poirier Masson Thurso Gatineau","isPartOf":{"@id":"https:\/\/poiriermarine.com\/#website"},"datePublished":"2021-09-02T20:12:34+00:00","dateModified":"2024-07-03T17:10:56+00:00","breadcrumb":{"@id":"https:\/\/poiriermarine.com\/moteur\/#breadcrumb"},"inLanguage":"en-US","potentialAction":[{"@type":"ReadAction","target":["https:\/\/poiriermarine.com\/moteur\/"]}]},{"@type":"BreadcrumbList","@id":"https:\/\/poiriermarine.com\/moteur\/#breadcrumb","itemListElement":[{"@type":"ListItem","position":1,"name":"Accueil","item":"https:\/\/poiriermarine.com\/en\/"},{"@type":"ListItem","position":2,"name":"Motors"}]},{"@type":"WebSite","@id":"https:\/\/poiriermarine.com\/#website","url":"https:\/\/poiriermarine.com\/","name":"Marine Poirier Masson Thurso Gatineau","description":"Just another WordPress site","potentialAction":[{"@type":"SearchAction","target":{"@type":"EntryPoint","urlTemplate":"https:\/\/poiriermarine.com\/?s={search_term_string}"},"query-input":{"@type":"PropertyValueSpecification","valueRequired":true,"valueName":"search_term_string"}}],"inLanguage":"en-US"}]}},"_links":{"self":[{"href":"https:\/\/poiriermarine.com\/en\/wp-json\/wp\/v2\/pages\/906","targetHints":{"allow":["GET"]}}],"collection":[{"href":"https:\/\/poiriermarine.com\/en\/wp-json\/wp\/v2\/pages"}],"about":[{"href":"https:\/\/poiriermarine.com\/en\/wp-json\/wp\/v2\/types\/page"}],"author":[{"embeddable":true,"href":"https:\/\/poiriermarine.com\/en\/wp-json\/wp\/v2\/users\/1"}],"replies":[{"embeddable":true,"href":"https:\/\/poiriermarine.com\/en\/wp-json\/wp\/v2\/comments?post=906"}],"version-history":[{"count":26,"href":"https:\/\/poiriermarine.com\/en\/wp-json\/wp\/v2\/pages\/906\/revisions"}],"predecessor-version":[{"id":7320,"href":"https:\/\/poiriermarine.com\/en\/wp-json\/wp\/v2\/pages\/906\/revisions\/7320"}],"wp:attachment":[{"href":"https:\/\/poiriermarine.com\/en\/wp-json\/wp\/v2\/media?parent=906"}],"curies":[{"name":"wp","href":"https:\/\/api.w.org\/{rel}","templated":true}]}}