{"id":6566,"date":"2024-02-20T15:06:14","date_gmt":"2024-02-20T20:06:14","guid":{"rendered":"https:\/\/poiriermarine.com\/?post_type=product&#038;p=6566"},"modified":"2024-02-20T15:06:15","modified_gmt":"2024-02-20T20:06:15","slug":"scie-delagage-a-batterie-stihl-gta-26","status":"publish","type":"product","link":"https:\/\/poiriermarine.com\/en\/produit\/scie-delagage-a-batterie-stihl-gta-26\/","title":{"rendered":"Scie d&#8217;\u00e9lagage \u00e0 batterie &#8211; Stihl GTA 26"},"content":{"rendered":"","protected":false},"excerpt":{"rendered":"<p>Scie d&#8217;\u00e9lagage \u00e0 batterie &#8211; Stihl GTA 26<\/p>\n","protected":false},"featured_media":6567,"template":"","meta":{"_acf_changed":false},"product_brand":[],"product_cat":[],"product_tag":[],"class_list":{"0":"post-6566","1":"product","2":"type-product","3":"status-publish","4":"has-post-thumbnail","7":"first","8":"instock","9":"taxable","10":"shipping-taxable","11":"purchasable","12":"product-type-simple"},"acf":[],"yoast_head":"<!-- This site is optimized with the Yoast SEO plugin v27.3 - https:\/\/yoast.com\/product\/yoast-seo-wordpress\/ -->\n<title>Scie d&#039;\u00e9lagage \u00e0 batterie - Stihl GTA 26 &#8211; Marine Poirier Masson Thurso Gatineau<\/title>\n<meta name=\"robots\" content=\"index, follow, max-snippet:-1, max-image-preview:large, max-video-preview:-1\" \/>\n<link rel=\"canonical\" href=\"https:\/\/poiriermarine.com\/en\/produit\/scie-delagage-a-batterie-stihl-gta-26\/\" \/>\n<meta property=\"og:locale\" content=\"en_US\" \/>\n<meta property=\"og:type\" content=\"article\" \/>\n<meta property=\"og:title\" content=\"Scie d&#039;\u00e9lagage \u00e0 batterie - Stihl GTA 26 &#8211; Marine Poirier Masson Thurso Gatineau\" \/>\n<meta property=\"og:description\" content=\"Scie d&#039;\u00e9lagage \u00e0 batterie - Stihl GTA 26\" \/>\n<meta property=\"og:url\" content=\"https:\/\/poiriermarine.com\/en\/produit\/scie-delagage-a-batterie-stihl-gta-26\/\" \/>\n<meta property=\"og:site_name\" content=\"Marine Poirier Masson Thurso Gatineau\" \/>\n<meta property=\"article:modified_time\" content=\"2024-02-20T20:06:15+00:00\" \/>\n<meta property=\"og:image\" content=\"https:\/\/poiriermarine.com\/wp-content\/uploads\/2024\/02\/18-DSC02427-scaled.jpg\" \/>\n\t<meta property=\"og:image:width\" content=\"2560\" \/>\n\t<meta property=\"og:image:height\" content=\"1920\" \/>\n\t<meta property=\"og:image:type\" content=\"image\/jpeg\" \/>\n<meta name=\"twitter:card\" content=\"summary_large_image\" \/>\n<meta name=\"twitter:label1\" content=\"Est. reading time\" \/>\n\t<meta name=\"twitter:data1\" content=\"1 minute\" \/>\n<script type=\"application\/ld+json\" class=\"yoast-schema-graph\">{\"@context\":\"https:\\\/\\\/schema.org\",\"@graph\":[{\"@type\":\"WebPage\",\"@id\":\"https:\\\/\\\/poiriermarine.com\\\/en\\\/produit\\\/scie-delagage-a-batterie-stihl-gta-26\\\/\",\"url\":\"https:\\\/\\\/poiriermarine.com\\\/en\\\/produit\\\/scie-delagage-a-batterie-stihl-gta-26\\\/\",\"name\":\"Scie d'\u00e9lagage \u00e0 batterie - Stihl GTA 26 &#8211; Marine Poirier Masson Thurso Gatineau\",\"isPartOf\":{\"@id\":\"https:\\\/\\\/poiriermarine.com\\\/#website\"},\"primaryImageOfPage\":{\"@id\":\"https:\\\/\\\/poiriermarine.com\\\/en\\\/produit\\\/scie-delagage-a-batterie-stihl-gta-26\\\/#primaryimage\"},\"image\":{\"@id\":\"https:\\\/\\\/poiriermarine.com\\\/en\\\/produit\\\/scie-delagage-a-batterie-stihl-gta-26\\\/#primaryimage\"},\"thumbnailUrl\":\"https:\\\/\\\/poiriermarine.com\\\/wp-content\\\/uploads\\\/2024\\\/02\\\/18-DSC02427-scaled.jpg\",\"datePublished\":\"2024-02-20T20:06:14+00:00\",\"dateModified\":\"2024-02-20T20:06:15+00:00\",\"breadcrumb\":{\"@id\":\"https:\\\/\\\/poiriermarine.com\\\/en\\\/produit\\\/scie-delagage-a-batterie-stihl-gta-26\\\/#breadcrumb\"},\"inLanguage\":\"en-US\",\"potentialAction\":[{\"@type\":\"ReadAction\",\"target\":[\"https:\\\/\\\/poiriermarine.com\\\/en\\\/produit\\\/scie-delagage-a-batterie-stihl-gta-26\\\/\"]}]},{\"@type\":\"ImageObject\",\"inLanguage\":\"en-US\",\"@id\":\"https:\\\/\\\/poiriermarine.com\\\/en\\\/produit\\\/scie-delagage-a-batterie-stihl-gta-26\\\/#primaryimage\",\"url\":\"https:\\\/\\\/poiriermarine.com\\\/wp-content\\\/uploads\\\/2024\\\/02\\\/18-DSC02427-scaled.jpg\",\"contentUrl\":\"https:\\\/\\\/poiriermarine.com\\\/wp-content\\\/uploads\\\/2024\\\/02\\\/18-DSC02427-scaled.jpg\",\"width\":2560,\"height\":1920},{\"@type\":\"BreadcrumbList\",\"@id\":\"https:\\\/\\\/poiriermarine.com\\\/en\\\/produit\\\/scie-delagage-a-batterie-stihl-gta-26\\\/#breadcrumb\",\"itemListElement\":[{\"@type\":\"ListItem\",\"position\":1,\"name\":\"Accueil\",\"item\":\"https:\\\/\\\/poiriermarine.com\\\/en\\\/\"},{\"@type\":\"ListItem\",\"position\":2,\"name\":\"Scie d&#8217;\u00e9lagage \u00e0 batterie &#8211; Stihl GTA 26\"}]},{\"@type\":\"WebSite\",\"@id\":\"https:\\\/\\\/poiriermarine.com\\\/#website\",\"url\":\"https:\\\/\\\/poiriermarine.com\\\/\",\"name\":\"Marine Poirier Masson Thurso Gatineau\",\"description\":\"Just another WordPress site\",\"potentialAction\":[{\"@type\":\"SearchAction\",\"target\":{\"@type\":\"EntryPoint\",\"urlTemplate\":\"https:\\\/\\\/poiriermarine.com\\\/?s={search_term_string}\"},\"query-input\":{\"@type\":\"PropertyValueSpecification\",\"valueRequired\":true,\"valueName\":\"search_term_string\"}}],\"inLanguage\":\"en-US\"}]}<\/script>\n<!-- \/ Yoast SEO plugin. -->","yoast_head_json":{"title":"Scie d'\u00e9lagage \u00e0 batterie - Stihl GTA 26 &#8211; Marine Poirier Masson Thurso Gatineau","robots":{"index":"index","follow":"follow","max-snippet":"max-snippet:-1","max-image-preview":"max-image-preview:large","max-video-preview":"max-video-preview:-1"},"canonical":"https:\/\/poiriermarine.com\/en\/produit\/scie-delagage-a-batterie-stihl-gta-26\/","og_locale":"en_US","og_type":"article","og_title":"Scie d'\u00e9lagage \u00e0 batterie - Stihl GTA 26 &#8211; Marine Poirier Masson Thurso Gatineau","og_description":"Scie d'\u00e9lagage \u00e0 batterie - Stihl GTA 26","og_url":"https:\/\/poiriermarine.com\/en\/produit\/scie-delagage-a-batterie-stihl-gta-26\/","og_site_name":"Marine Poirier Masson Thurso Gatineau","article_modified_time":"2024-02-20T20:06:15+00:00","og_image":[{"width":2560,"height":1920,"url":"https:\/\/poiriermarine.com\/wp-content\/uploads\/2024\/02\/18-DSC02427-scaled.jpg","type":"image\/jpeg"}],"twitter_card":"summary_large_image","twitter_misc":{"Est. reading time":"1 minute"},"schema":{"@context":"https:\/\/schema.org","@graph":[{"@type":"WebPage","@id":"https:\/\/poiriermarine.com\/en\/produit\/scie-delagage-a-batterie-stihl-gta-26\/","url":"https:\/\/poiriermarine.com\/en\/produit\/scie-delagage-a-batterie-stihl-gta-26\/","name":"Scie d'\u00e9lagage \u00e0 batterie - Stihl GTA 26 &#8211; Marine Poirier Masson Thurso Gatineau","isPartOf":{"@id":"https:\/\/poiriermarine.com\/#website"},"primaryImageOfPage":{"@id":"https:\/\/poiriermarine.com\/en\/produit\/scie-delagage-a-batterie-stihl-gta-26\/#primaryimage"},"image":{"@id":"https:\/\/poiriermarine.com\/en\/produit\/scie-delagage-a-batterie-stihl-gta-26\/#primaryimage"},"thumbnailUrl":"https:\/\/poiriermarine.com\/wp-content\/uploads\/2024\/02\/18-DSC02427-scaled.jpg","datePublished":"2024-02-20T20:06:14+00:00","dateModified":"2024-02-20T20:06:15+00:00","breadcrumb":{"@id":"https:\/\/poiriermarine.com\/en\/produit\/scie-delagage-a-batterie-stihl-gta-26\/#breadcrumb"},"inLanguage":"en-US","potentialAction":[{"@type":"ReadAction","target":["https:\/\/poiriermarine.com\/en\/produit\/scie-delagage-a-batterie-stihl-gta-26\/"]}]},{"@type":"ImageObject","inLanguage":"en-US","@id":"https:\/\/poiriermarine.com\/en\/produit\/scie-delagage-a-batterie-stihl-gta-26\/#primaryimage","url":"https:\/\/poiriermarine.com\/wp-content\/uploads\/2024\/02\/18-DSC02427-scaled.jpg","contentUrl":"https:\/\/poiriermarine.com\/wp-content\/uploads\/2024\/02\/18-DSC02427-scaled.jpg","width":2560,"height":1920},{"@type":"BreadcrumbList","@id":"https:\/\/poiriermarine.com\/en\/produit\/scie-delagage-a-batterie-stihl-gta-26\/#breadcrumb","itemListElement":[{"@type":"ListItem","position":1,"name":"Accueil","item":"https:\/\/poiriermarine.com\/en\/"},{"@type":"ListItem","position":2,"name":"Scie d&#8217;\u00e9lagage \u00e0 batterie &#8211; Stihl GTA 26"}]},{"@type":"WebSite","@id":"https:\/\/poiriermarine.com\/#website","url":"https:\/\/poiriermarine.com\/","name":"Marine Poirier Masson Thurso Gatineau","description":"Just another WordPress site","potentialAction":[{"@type":"SearchAction","target":{"@type":"EntryPoint","urlTemplate":"https:\/\/poiriermarine.com\/?s={search_term_string}"},"query-input":{"@type":"PropertyValueSpecification","valueRequired":true,"valueName":"search_term_string"}}],"inLanguage":"en-US"}]}},"_links":{"self":[{"href":"https:\/\/poiriermarine.com\/en\/wp-json\/wp\/v2\/product\/6566","targetHints":{"allow":["GET"]}}],"collection":[{"href":"https:\/\/poiriermarine.com\/en\/wp-json\/wp\/v2\/product"}],"about":[{"href":"https:\/\/poiriermarine.com\/en\/wp-json\/wp\/v2\/types\/product"}],"wp:featuredmedia":[{"embeddable":true,"href":"https:\/\/poiriermarine.com\/en\/wp-json\/wp\/v2\/media\/6567"}],"wp:attachment":[{"href":"https:\/\/poiriermarine.com\/en\/wp-json\/wp\/v2\/media?parent=6566"}],"wp:term":[{"taxonomy":"product_brand","embeddable":true,"href":"https:\/\/poiriermarine.com\/en\/wp-json\/wp\/v2\/product_brand?post=6566"},{"taxonomy":"product_cat","embeddable":true,"href":"https:\/\/poiriermarine.com\/en\/wp-json\/wp\/v2\/product_cat?post=6566"},{"taxonomy":"product_tag","embeddable":true,"href":"https:\/\/poiriermarine.com\/en\/wp-json\/wp\/v2\/product_tag?post=6566"}],"curies":[{"name":"wp","href":"https:\/\/api.w.org\/{rel}","templated":true}]}}